{"id":5433,"date":"2021-12-21T14:06:59","date_gmt":"2021-12-21T14:06:59","guid":{"rendered":"https:\/\/www.lindos-imperial.gr\/?page_id=5433"},"modified":"2025-11-21T12:43:09","modified_gmt":"2025-11-21T12:43:09","slug":"hotel-information","status":"publish","type":"page","link":"https:\/\/www.lindos-imperial.gr\/de\/hotel-information\/","title":{"rendered":"Hotelerfahrung"},"content":{"rendered":"<div class=\"wpb-content-wrapper\"><div class=\"eltd-row-grid-section-wrapper\"  ><div class=\"eltd-row-grid-section\"><div class=\"vc_row wpb_row vc_row-fluid vc_custom_1649146939772\" ><div class=\"wpb_column vc_column_container vc_col-sm-4\"><div class=\"vc_column-inner\"><div class=\"wpb_wrapper\"><div class=\"eltd-elements-holder   eltd-one-column  eltd-responsive-mode-768\" ><div class=\"eltd-eh-item\"  data-item-class=\"eltd-eh-custom-3665\" data-768-1024=\"0 14% 0 0\">\n\t<div class=\"eltd-eh-item-inner\">\n\t\t<div class=\"eltd-eh-item-content eltd-eh-custom-3665\" style=\"padding: 0 0 0 0\">\n\t\t\t\n\t<div class=\"wpb_text_column wpb_content_element\" >\n\t\t<div class=\"wpb_wrapper\">\n\t\t\t<h3>Sind Sie bereit f\u00fcr einen unvergesslichen Sommer in Griechenland?<\/h3>\n\n\t\t<\/div>\n\t<\/div>\n\t\t<\/div>\n\t<\/div>\n<\/div><\/div><\/div><\/div><\/div><div class=\"wpb_column vc_column_container vc_col-sm-8\"><div class=\"vc_column-inner\"><div class=\"wpb_wrapper\"><div class=\"eltd-elements-holder   eltd-one-column  eltd-responsive-mode-768\" ><div class=\"eltd-eh-item\"  data-item-class=\"eltd-eh-custom-4060\" data-1024-1280=\"20px 30px 0 0px\">\n\t<div class=\"eltd-eh-item-inner\">\n\t\t<div class=\"eltd-eh-item-content eltd-eh-custom-4060\" style=\"padding: 31px 0 0 0\">\n\t\t\t\n\t<div class=\"wpb_text_column wpb_content_element\" >\n\t\t<div class=\"wpb_wrapper\">\n\t\t\t<p>Hier im Lindos Imperial Resort &amp; Spa dreht sich alles um Ihr Erlebnis! Lindos Imperial Resort &amp; Spa ist ein F\u00fcnf-Sterne-Hotel am Strand von Kiotari an der S\u00fcdostk\u00fcste der Insel Rhodos.<\/p>\n\n\t\t<\/div>\n\t<\/div>\n\t\t<\/div>\n\t<\/div>\n<\/div><\/div><div class=\"vc_empty_space\"   style=\"height: 40px\"><span class=\"vc_empty_space_inner\"><\/span><\/div><\/div><\/div><\/div><\/div><\/div><\/div><div class=\"vc_row wpb_row vc_row-fluid services-desk vc_custom_1644324709150\" ><div class=\"wpb_column vc_column_container vc_col-sm-12 vc_col-lg-5 vc_col-md-12 vc_col-xs-12\"><div class=\"vc_column-inner vc_custom_1511524010531\"><div class=\"wpb_wrapper\"><div class=\"eltd-elements-holder   eltd-one-column  eltd-responsive-mode-768\" ><div class=\"eltd-eh-item\" style=\"background-image: url(https:\/\/www.lindos-imperial.gr\/wp-content\/uploads\/2024\/12\/hotel-experience.jpg)\" data-item-class=\"eltd-eh-custom-9017\" data-1280-1600=\"63% 0 63% 0\" data-1024-1280=\"62% 0\" data-768-1024=\"26.5% 0 26.5% 0\" data-680-768=\"40% 0 40% 0\" data-680=\"60% 0 60% 0\">\n\t<div class=\"eltd-eh-item-inner\">\n\t\t<div class=\"eltd-eh-item-content eltd-eh-custom-9017\" style=\"padding: 55.8% 0 55.8% 0\">\n\t\t\t\t\t<\/div>\n\t<\/div>\n<\/div><\/div><\/div><\/div><\/div><div class=\"wpb_column vc_column_container vc_col-sm-12 vc_col-lg-7 vc_col-md-12 vc_col-xs-12\"><div class=\"vc_column-inner vc_custom_1511524017942\"><div class=\"wpb_wrapper\"><div class=\"eltd-elements-holder   eltd-one-column  eltd-responsive-mode-768\" ><div class=\"eltd-eh-item\"  data-item-class=\"eltd-eh-custom-8072\" data-1280-1600=\"4% 4% 1%\" data-1024-1280=\"1% 3% 1%\" data-768-1024=\"9.5% 4% 12.3% 4%\" data-680-768=\"13% 8% 0% 8%\" data-680=\"10% 6% 0% 6%\">\n\t<div class=\"eltd-eh-item-inner\">\n\t\t<div class=\"eltd-eh-item-content eltd-eh-custom-8072\" style=\"padding: 10% 5% 3%\">\n\t\t\t<div class=\"eltd-section-title-holder eltd-separator-disabled  eltd-st-text-position-left\" style=\"text-align: left\">\n    <div class=\"eltd-section-title-inner\">\n                            <h3 class=\"eltd-st-title eltd-title-left\" >\n                <span class=\"eltd-st-before\"><\/span>\n                <span>Zu den Einrichtungen von Lindos Imperial Resort &amp; Spa geh\u00f6ren<\/span>\n            <\/h3>\n                            <\/div>\n<\/div><div class=\"vc_row wpb_row vc_inner vc_row-fluid vc_row-o-content-top vc_row-flex eltd-content-aligment-left\" ><div class=\"wpb_column vc_column_container vc_col-sm-6\"><div class=\"vc_column-inner\"><div class=\"wpb_wrapper\">\n\t<div class=\"wpb_text_column wpb_content_element\" >\n\t\t<div class=\"wpb_wrapper\">\n\t\t\t<ul>\n<li>Aktivit\u00e4tspool (6 Wasserrutschen)<\/li>\n<li>4 Au\u00dfenpools (nicht beheizt)<\/li>\n<li>2 Kinderbecken<\/li>\n<li>1 Innenpool (nicht beheizt)<\/li>\n<li>24-Stunden-Rezeption. Mehrsprachiges Personal<\/li>\n<li>Gem\u00fctlicher Empfangs- und Lobbybereich<\/li>\n<li>Kostenloses WLAN in \u00f6ffentlichen Bereichen<\/li>\n<li>Strand (erreichbar \u00fcber einen unterirdischen Gang)<\/li>\n<li>Sonnenliegen und Sonnenschirme an den Pools und am Strand<\/li>\n<li>1 Hauptrestaurant \u201cBelvedere\u201d. In all unseren Restaurants werden w\u00f6chentlich Themenabende mit K\u00f6stlichkeiten aus der Welt organisiert.<\/li>\n<li>6 kostenlose Themenrestaurants (mexikanische, italienische, griechische, asiatische K\u00fcche, Fisch &amp; Grill) (Reservierung erforderlich)<\/li>\n<li>4 Snackbars<\/li>\n<li>Hauptlobbybar | Hauptpoolbar | Aktivit\u00e4tspoolbar | Seaside-Poolbar | Ammos Beach Bar | Breeze Bar<\/li>\n<\/ul>\n\n\t\t<\/div>\n\t<\/div>\n<\/div><\/div><\/div><div class=\"wpb_column vc_column_container vc_col-sm-6\"><div class=\"vc_column-inner\"><div class=\"wpb_wrapper\">\n\t<div class=\"wpb_text_column wpb_content_element\" >\n\t\t<div class=\"wpb_wrapper\">\n\t\t\t<ul>\n<li>Tennisplatz | Padelpl\u00e4tze | Volleyballplatz<\/li>\n<li>Fitnessstudio<\/li>\n<li>Spa Centre<\/li>\n<li>Miniclub (4-12 Jahre)<\/li>\n<li>Parkplatz (\u00f6ffentlich)<\/li>\n<li>Gep\u00e4ckraum<\/li>\n<li>Geldautomat<\/li>\n<li>8 Aufz\u00fcge<\/li>\n<li>Amphitheater (500 Sitzpl\u00e4tze)<\/li>\n<li>Konferenzraum. Kapazit\u00e4t: 100 Personen im Theaterstil. Audiovisuelle Ausstattung auf Anfrage.<\/li>\n<li>Mini-Markt *<\/li>\n<li>Boutique \u2013 Souvenirladen *<\/li>\n<li>Schmuckgesch\u00e4ft<\/li>\n<li>Haustiere leider nicht erlaubt<\/li>\n<li>Check-in: 15:00 \/ Check-out: 11:00<\/li>\n<\/ul>\n\n\t\t<\/div>\n\t<\/div>\n<\/div><\/div><\/div><\/div>\n\t<div class=\"wpb_text_column wpb_content_element  vc_custom_1746188387395\" >\n\t\t<div class=\"wpb_wrapper\">\n\t\t\t<p>* gegen Aufpreis<\/p>\n<p><em>4 slides with an age limit of 10 yo and above &amp; height limit of 1.20-1.30 m.<\/em><br \/>\n<em>2 slides with an age limit of 7 yo and above &amp; height limit of 0,90 m.<\/em><\/p>\n\n\t\t<\/div>\n\t<\/div>\n\t\t<\/div>\n\t<\/div>\n<\/div><\/div><\/div><\/div><\/div><\/div><div class=\"vc_row wpb_row vc_row-fluid services-mob vc_custom_1642419363380\" ><div class=\"wpb_column vc_column_container vc_col-sm-12 vc_col-lg-5 vc_col-md-12 vc_col-xs-12\"><div class=\"vc_column-inner vc_custom_1511524010531\"><div class=\"wpb_wrapper\"><div class=\"eltd-elements-holder   eltd-one-column  eltd-responsive-mode-768\" ><div class=\"eltd-eh-item\" style=\"background-image: url(https:\/\/www.lindos-imperial.gr\/wp-content\/uploads\/2024\/12\/hotel-experience-mob.jpg)\" data-item-class=\"eltd-eh-custom-7617\" data-1024-1280=\"25% 0\" data-768-1024=\"26.5% 0 26.5% 0\" data-680-768=\"40% 0 40% 0\" data-680=\"45% 0 45% 0\">\n\t<div class=\"eltd-eh-item-inner\">\n\t\t<div class=\"eltd-eh-item-content eltd-eh-custom-7617\" style=\"padding: 55.8% 0 55.8% 0\">\n\t\t\t\t\t<\/div>\n\t<\/div>\n<\/div><\/div><\/div><\/div><\/div><div class=\"wpb_column vc_column_container vc_col-sm-12 vc_col-lg-7 vc_col-md-12 vc_col-xs-12\"><div class=\"vc_column-inner vc_custom_1511524017942\"><div class=\"wpb_wrapper\"><div class=\"eltd-elements-holder   eltd-one-column  eltd-responsive-mode-768\" ><div class=\"eltd-eh-item\"  data-item-class=\"eltd-eh-custom-6755\" data-1280-1600=\"2% 4% 1%\" data-1024-1280=\"2% 3% 1%\" data-768-1024=\"9.5% 4% 12.3% 4%\" data-680-768=\"13% 8% 0% 8%\" data-680=\"10% 6% 0% 6%\">\n\t<div class=\"eltd-eh-item-inner\">\n\t\t<div class=\"eltd-eh-item-content eltd-eh-custom-6755\" style=\"padding: 7% 5% 3%\">\n\t\t\t<div class=\"eltd-section-title-holder eltd-separator-disabled  eltd-st-text-position-left\" style=\"text-align: left\">\n    <div class=\"eltd-section-title-inner\">\n                            <h3 class=\"eltd-st-title eltd-title-left\" >\n                <span class=\"eltd-st-before\"><\/span>\n                <span>Zu den Einrichtungen von Lindos Imperial Resort &amp; Spa geh\u00f6ren<\/span>\n            <\/h3>\n                            <\/div>\n<\/div><div class=\"vc_empty_space\"   style=\"height: 30px\"><span class=\"vc_empty_space_inner\"><\/span><\/div><div class=\"vc_row wpb_row vc_inner vc_row-fluid vc_row-o-content-top vc_row-flex eltd-content-aligment-left\" ><div class=\"wpb_column vc_column_container vc_col-sm-6\"><div class=\"vc_column-inner\"><div class=\"wpb_wrapper\">\n\t<div class=\"wpb_text_column wpb_content_element\" >\n\t\t<div class=\"wpb_wrapper\">\n\t\t\t<ul>\n<li>Aktivit\u00e4tspool (6 Wasserrutschen)<\/li>\n<li>4 Au\u00dfenpools (nicht beheizt)<\/li>\n<li>1 children\u2019s pool (non-heated)<\/li>\n<li>1 indoor fresh water swimming pool (heated)<\/li>\n<li>24-Stunden-Rezeption. Mehrsprachiges Personal<\/li>\n<li>Gem\u00fctlicher Empfangs- und Lobbybereich<\/li>\n<li>Kostenloses WLAN in \u00f6ffentlichen Bereichen<\/li>\n<li>Strand (erreichbar \u00fcber einen unterirdischen Gang)<\/li>\n<li>Sonnenliegen und Sonnenschirme an den Pools und am Strand<\/li>\n<li>1 Hauptrestaurant \u201cBelvedere\u201d. In all unseren Restaurants werden w\u00f6chentlich Themenabende mit K\u00f6stlichkeiten aus der Welt organisiert.<\/li>\n<li>6 kostenlose Themenrestaurants (mexikanische, italienische, griechische, asiatische K\u00fcche, Fisch &amp; Grill) (Reservierung erforderlich)<\/li>\n<li>4 Snackbars<\/li>\n<li>Hauptlobbybar | Hauptpoolbar | Aktivit\u00e4tspoolbar | Seaside-Poolbar | Ammos Beach Bar | Breeze Bar<\/li>\n<\/ul>\n\n\t\t<\/div>\n\t<\/div>\n<\/div><\/div><\/div><div class=\"wpb_column vc_column_container vc_col-sm-6\"><div class=\"vc_column-inner\"><div class=\"wpb_wrapper\">\n\t<div class=\"wpb_text_column wpb_content_element\" >\n\t\t<div class=\"wpb_wrapper\">\n\t\t\t<ul>\n<li>Tennisplatz | Padelpl\u00e4tze | Volleyballplatz<\/li>\n<li>Fitnessstudio<\/li>\n<li>Spa Centre<\/li>\n<li>Miniclub (4-12 Jahre)<\/li>\n<li>Parkplatz (\u00f6ffentlich)<\/li>\n<li>Gep\u00e4ckraum<\/li>\n<li>Geldautomat<\/li>\n<li>8 Aufz\u00fcge<\/li>\n<li>Amphitheater (500 Sitzpl\u00e4tze)<\/li>\n<li>Konferenzraum. Kapazit\u00e4t: 100 Personen im Theaterstil. Audiovisuelle Ausstattung auf Anfrage.<\/li>\n<li>Mini-Markt *<\/li>\n<li>Boutique \u2013 Souvenirladen *<\/li>\n<li>Schmuckgesch\u00e4ft<\/li>\n<li>Haustiere leider nicht erlaubt<\/li>\n<li>Check-in: 15:00 \/ Check-out: 11:00<\/li>\n<\/ul>\n\n\t\t<\/div>\n\t<\/div>\n<\/div><\/div><\/div><\/div>\n\t<div class=\"wpb_text_column wpb_content_element  vc_custom_1746188395634\" >\n\t\t<div class=\"wpb_wrapper\">\n\t\t\t<p>* gegen Aufpreis<\/p>\n<p><em>4 slides with an age limit of 10 yo and above &amp; height limit of 1.20-1.30 m.<\/em><br \/>\n<em>2 slides with an age limit of 7 yo and above &amp; height limit of 0,90 m.<\/em><\/p>\n\n\t\t<\/div>\n\t<\/div>\n\t\t<\/div>\n\t<\/div>\n<\/div><\/div><\/div><\/div><\/div><\/div><div data-parallax-bg-image=\"https:\/\/www.lindos-imperial.gr\/wp-content\/uploads\/2022\/02\/info-parallax.jpg\" data-parallax-bg-speed=\"1\" class=\"vc_row wpb_row vc_row-fluid home-video-desk vc_custom_1644322214411 eltd-parallax-row-holder\" ><div class=\"wpb_column vc_column_container vc_col-sm-12\"><div class=\"vc_column-inner\"><div class=\"wpb_wrapper\"><div class=\"eltd-row-grid-section-wrapper\" ><div class=\"eltd-row-grid-section\"><div class=\"vc_row wpb_row vc_inner vc_row-fluid\" ><div class=\"wpb_column vc_column_container vc_col-sm-12\"><div class=\"vc_column-inner\"><div class=\"wpb_wrapper\"><div class=\"vc_empty_space\"   style=\"height: 380px\"><span class=\"vc_empty_space_inner\"><\/span><\/div><\/div><\/div><\/div><\/div><\/div><\/div><\/div><\/div><\/div><\/div><div class=\"vc_row wpb_row vc_row-fluid services-desk vc_custom_1644316387403\" ><div class=\"wpb_column vc_column_container vc_col-sm-12 vc_col-lg-5 vc_col-md-12 vc_col-xs-12\"><div class=\"vc_column-inner vc_custom_1511524010531\"><div class=\"wpb_wrapper\"><div class=\"eltd-elements-holder   eltd-one-column  eltd-responsive-mode-768\" ><div class=\"eltd-eh-item\" style=\"background-image: url(https:\/\/www.lindos-imperial.gr\/wp-content\/uploads\/2022\/02\/info2.jpg)\" data-item-class=\"eltd-eh-custom-6169\" data-1024-1280=\"62% 0\" data-768-1024=\"26.5% 0 26.5% 0\" data-680-768=\"40% 0 40% 0\" data-680=\"60% 0 60% 0\">\n\t<div class=\"eltd-eh-item-inner\">\n\t\t<div class=\"eltd-eh-item-content eltd-eh-custom-6169\" style=\"padding: 55.8% 0 55.8% 0\">\n\t\t\t\t\t<\/div>\n\t<\/div>\n<\/div><\/div><\/div><\/div><\/div><div class=\"wpb_column vc_column_container vc_col-sm-12 vc_col-lg-7 vc_col-md-12 vc_col-xs-12\"><div class=\"vc_column-inner vc_custom_1511524017942\"><div class=\"wpb_wrapper\"><div class=\"eltd-elements-holder   eltd-one-column  eltd-responsive-mode-768\" ><div class=\"eltd-eh-item\"  data-item-class=\"eltd-eh-custom-1113\" data-1280-1600=\"2% 4% 1%\" data-1024-1280=\"2% 3% 1%\" data-768-1024=\"9.5% 4% 12.3% 4%\" data-680-768=\"13% 8% 0% 8%\" data-680=\"10% 6% 0% 6%\">\n\t<div class=\"eltd-eh-item-inner\">\n\t\t<div class=\"eltd-eh-item-content eltd-eh-custom-1113\" style=\"padding: 10% 5% 3%\">\n\t\t\t<div class=\"eltd-section-title-holder eltd-separator-disabled  eltd-st-text-position-left\" style=\"text-align: left\">\n    <div class=\"eltd-section-title-inner\">\n                            <h3 class=\"eltd-st-title eltd-title-left\" >\n                <span class=\"eltd-st-before\"><\/span>\n                <span>Zu den Dienstleistungen von Lindos Imperial Resort &amp; Spa geh\u00f6ren<\/span>\n            <\/h3>\n                            <\/div>\n<\/div><div class=\"vc_empty_space\"   style=\"height: 30px\"><span class=\"vc_empty_space_inner\"><\/span><\/div><div class=\"vc_row wpb_row vc_inner vc_row-fluid vc_row-o-content-top vc_row-flex eltd-content-aligment-left\" ><div class=\"wpb_column vc_column_container vc_col-sm-6\"><div class=\"vc_column-inner\"><div class=\"wpb_wrapper\">\n\t<div class=\"wpb_text_column wpb_content_element\" >\n\t\t<div class=\"wpb_wrapper\">\n\t\t\t<ul>\n<li>24-Stunden-Rezeption<\/li>\n<li>Concierge<\/li>\n<li>Gep\u00e4cktr\u00e4gerservice &amp; Gep\u00e4ckaufbewahrung<\/li>\n<li>Strand-\/Poolhandtuchservice<\/li>\n<li>Weckrufservice<\/li>\n<li>Babybetten und Hochst\u00fchle auf Anfrage<\/li>\n<li>Mini-Bar* (auf Anfrage)<\/li>\n<li>Babysitting (auf Anfrage, mindestens 1 Tag im Voraus) *<\/li>\n<\/ul>\n\n\t\t<\/div>\n\t<\/div>\n<\/div><\/div><\/div><div class=\"wpb_column vc_column_container vc_col-sm-6\"><div class=\"vc_column-inner\"><div class=\"wpb_wrapper\">\n\t<div class=\"wpb_text_column wpb_content_element\" >\n\t\t<div class=\"wpb_wrapper\">\n\t\t\t<ul>\n<li>W\u00e4scheservice und Trockenreinigung (Expresslieferung oder Lieferung am n\u00e4chsten Tag) *<\/li>\n<li>Arzt auf Abruf (rund um die Uhr) *<\/li>\n<li>Auto-\/Motorrad-\/Fahrradverleih *<\/li>\n<li>Taxiservice\/Flughafentransfer*<\/li>\n<li>Mehrsprachiges Animationsprogramm f\u00fcr alle Altersgruppen<\/li>\n<li>Abendshows (Griechisch, Jazz, Rock-Nights usw.)<\/li>\n<li>Tauchunterricht (PADI-zertifizierter Tauchlehrer) *<\/li>\n<li>Segelausfl\u00fcge*<\/li>\n<\/ul>\n\n\t\t<\/div>\n\t<\/div>\n<\/div><\/div><\/div><\/div>\n\t<div class=\"wpb_text_column wpb_content_element  vc_custom_1709292283672\" >\n\t\t<div class=\"wpb_wrapper\">\n\t\t\t<p><strong>*<\/strong> gegen Aufpreis<\/p>\n\n\t\t<\/div>\n\t<\/div>\n\t\t<\/div>\n\t<\/div>\n<\/div><\/div><\/div><\/div><\/div><\/div><div class=\"vc_row wpb_row vc_row-fluid services-mob vc_custom_1642419363380\" ><div class=\"wpb_column vc_column_container vc_col-sm-12 vc_col-lg-5 vc_col-md-12 vc_col-xs-12\"><div class=\"vc_column-inner vc_custom_1511524010531\"><div class=\"wpb_wrapper\"><div class=\"eltd-elements-holder   eltd-one-column  eltd-responsive-mode-768\" ><div class=\"eltd-eh-item\" style=\"background-image: url(https:\/\/www.lindos-imperial.gr\/wp-content\/uploads\/2022\/02\/info-mob1.jpg)\" data-item-class=\"eltd-eh-custom-3855\" data-1024-1280=\"25% 0\" data-768-1024=\"26.5% 0 26.5% 0\" data-680-768=\"40% 0 40% 0\" data-680=\"45% 0 45% 0\">\n\t<div class=\"eltd-eh-item-inner\">\n\t\t<div class=\"eltd-eh-item-content eltd-eh-custom-3855\" style=\"padding: 55.8% 0 55.8% 0\">\n\t\t\t\t\t<\/div>\n\t<\/div>\n<\/div><\/div><\/div><\/div><\/div><div class=\"wpb_column vc_column_container vc_col-sm-12 vc_col-lg-7 vc_col-md-12 vc_col-xs-12\"><div class=\"vc_column-inner vc_custom_1511524017942\"><div class=\"wpb_wrapper\"><div class=\"eltd-elements-holder   eltd-one-column  eltd-responsive-mode-768\" ><div class=\"eltd-eh-item\"  data-item-class=\"eltd-eh-custom-8358\" data-1280-1600=\"2% 4% 1%\" data-1024-1280=\"2% 3% 1%\" data-768-1024=\"9.5% 4% 12.3% 4%\" data-680-768=\"13% 8% 0% 8%\" data-680=\"10% 6% 0% 6%\">\n\t<div class=\"eltd-eh-item-inner\">\n\t\t<div class=\"eltd-eh-item-content eltd-eh-custom-8358\" style=\"padding: 7% 5% 3%\">\n\t\t\t<div class=\"eltd-section-title-holder eltd-separator-disabled  eltd-st-text-position-left\" style=\"text-align: left\">\n    <div class=\"eltd-section-title-inner\">\n                            <h3 class=\"eltd-st-title eltd-title-left\" >\n                <span class=\"eltd-st-before\"><\/span>\n                <span>Zu den Dienstleistungen von Lindos Imperial Resort &amp; Spa geh\u00f6ren<\/span>\n            <\/h3>\n                            <\/div>\n<\/div><div class=\"vc_empty_space\"   style=\"height: 30px\"><span class=\"vc_empty_space_inner\"><\/span><\/div><div class=\"vc_row wpb_row vc_inner vc_row-fluid vc_row-o-content-top vc_row-flex eltd-content-aligment-left\" ><div class=\"wpb_column vc_column_container vc_col-sm-6\"><div class=\"vc_column-inner\"><div class=\"wpb_wrapper\">\n\t<div class=\"wpb_text_column wpb_content_element\" >\n\t\t<div class=\"wpb_wrapper\">\n\t\t\t<ul>\n<li>24-Stunden-Rezeption<\/li>\n<li>Concierge<\/li>\n<li>Gep\u00e4cktr\u00e4gerservice &amp; Gep\u00e4ckaufbewahrung<\/li>\n<li>Strand-\/Poolhandtuchservice<\/li>\n<li>Weckrufservice<\/li>\n<li>Babybetten und Hochst\u00fchle auf Anfrage<\/li>\n<li>Mini-Bar* (auf Anfrage)<\/li>\n<li>Babysitting (auf Anfrage, mindestens 1 Tag im Voraus) *<\/li>\n<\/ul>\n\n\t\t<\/div>\n\t<\/div>\n<\/div><\/div><\/div><div class=\"wpb_column vc_column_container vc_col-sm-6\"><div class=\"vc_column-inner\"><div class=\"wpb_wrapper\">\n\t<div class=\"wpb_text_column wpb_content_element\" >\n\t\t<div class=\"wpb_wrapper\">\n\t\t\t<ul>\n<li>W\u00e4scheservice und Trockenreinigung (Expresslieferung oder Lieferung am n\u00e4chsten Tag) *<\/li>\n<li>Arzt auf Abruf (rund um die Uhr) *<\/li>\n<li>Auto-\/Motorrad-\/Fahrradverleih *<\/li>\n<li>Taxiservice\/Flughafentransfer*<\/li>\n<li>Mehrsprachiges Animationsprogramm f\u00fcr alle Altersgruppen<\/li>\n<li>Abendshows (Griechisch, Jazz, Rock-Nights usw.)<\/li>\n<li>Tauchunterricht (PADI-zertifizierter Tauchlehrer) *<\/li>\n<li>Segelausfl\u00fcge*<\/li>\n<\/ul>\n\n\t\t<\/div>\n\t<\/div>\n<\/div><\/div><\/div><\/div>\n\t<div class=\"wpb_text_column wpb_content_element  vc_custom_1709292289753\" >\n\t\t<div class=\"wpb_wrapper\">\n\t\t\t<p><strong>*<\/strong> gegen Aufpreis<\/p>\n\n\t\t<\/div>\n\t<\/div>\n\t\t<\/div>\n\t<\/div>\n<\/div><\/div><\/div><\/div><\/div><\/div>\n<\/div>","protected":false},"excerpt":{"rendered":"Are you ready for an unforgettable summer in Greece? Lindos Imperial Resort &amp; Spa embodies the joy and vibrancy [...]","protected":false},"author":1,"featured_media":0,"parent":0,"menu_order":0,"comment_status":"closed","ping_status":"closed","template":"full-width.php","meta":{"inline_featured_image":false,"footnotes":""},"class_list":["post-5433","page","type-page","status-publish","hentry"],"_links":{"self":[{"href":"https:\/\/www.lindos-imperial.gr\/de\/wp-json\/wp\/v2\/pages\/5433","targetHints":{"allow":["GET"]}}],"collection":[{"href":"https:\/\/www.lindos-imperial.gr\/de\/wp-json\/wp\/v2\/pages"}],"about":[{"href":"https:\/\/www.lindos-imperial.gr\/de\/wp-json\/wp\/v2\/types\/page"}],"author":[{"embeddable":true,"href":"https:\/\/www.lindos-imperial.gr\/de\/wp-json\/wp\/v2\/users\/1"}],"replies":[{"embeddable":true,"href":"https:\/\/www.lindos-imperial.gr\/de\/wp-json\/wp\/v2\/comments?post=5433"}],"version-history":[{"count":120,"href":"https:\/\/www.lindos-imperial.gr\/de\/wp-json\/wp\/v2\/pages\/5433\/revisions"}],"predecessor-version":[{"id":8411,"href":"https:\/\/www.lindos-imperial.gr\/de\/wp-json\/wp\/v2\/pages\/5433\/revisions\/8411"}],"wp:attachment":[{"href":"https:\/\/www.lindos-imperial.gr\/de\/wp-json\/wp\/v2\/media?parent=5433"}],"curies":[{"name":"wp","href":"https:\/\/api.w.org\/{rel}","templated":true}]}}