{"id":5470,"date":"2021-12-22T07:27:34","date_gmt":"2021-12-22T07:27:34","guid":{"rendered":"https:\/\/www.lindos-imperial.gr\/?page_id=5470"},"modified":"2026-02-09T14:28:26","modified_gmt":"2026-02-09T14:28:26","slug":"sports-entertainment","status":"publish","type":"page","link":"https:\/\/www.lindos-imperial.gr\/de\/sports-entertainment\/","title":{"rendered":"Sport &amp; Unterhaltung"},"content":{"rendered":"<div class=\"wpb-content-wrapper\"><div class=\"eltd-row-grid-section-wrapper\"  ><div class=\"eltd-row-grid-section\"><div class=\"vc_row wpb_row vc_row-fluid inner-pages-first-text vc_custom_1640160653332\" ><div class=\"wpb_column vc_column_container vc_col-sm-4\"><div class=\"vc_column-inner\"><div class=\"wpb_wrapper\"><div class=\"eltd-elements-holder   eltd-one-column  eltd-responsive-mode-768\" ><div class=\"eltd-eh-item\"  data-item-class=\"eltd-eh-custom-2352\" data-768-1024=\"0 14% 0 0\">\n\t<div class=\"eltd-eh-item-inner\">\n\t\t<div class=\"eltd-eh-item-content eltd-eh-custom-2352\" style=\"padding: 0 0 0 0\">\n\t\t\t\n\t<div class=\"wpb_text_column wpb_content_element\" >\n\t\t<div class=\"wpb_wrapper\">\n\t\t\t<h3>Der sch\u00f6nste Weg, fit zu bleiben!<\/h3>\n\n\t\t<\/div>\n\t<\/div>\n\t\t<\/div>\n\t<\/div>\n<\/div><\/div><\/div><\/div><\/div><div class=\"wpb_column vc_column_container vc_col-sm-8\"><div class=\"vc_column-inner\"><div class=\"wpb_wrapper\"><div class=\"eltd-elements-holder   eltd-one-column  eltd-responsive-mode-768\" ><div class=\"eltd-eh-item\"  data-item-class=\"eltd-eh-custom-7802\" data-1024-1280=\"20px 30px 0 0px\">\n\t<div class=\"eltd-eh-item-inner\">\n\t\t<div class=\"eltd-eh-item-content eltd-eh-custom-7802\" style=\"padding: 31px 0 0 0\">\n\t\t\t\n\t<div class=\"wpb_text_column wpb_content_element\" >\n\t\t<div class=\"wpb_wrapper\">\n\t\t\t<p>Sind Sie ein Fitnessliebhaber, der kein Training ausfallen l\u00e4sst? Oder m\u00f6chten Sie neue Erfahrungen im warmen Mittelmeerklima erleben? Mit Gruppenaktivit\u00e4ten, Strandsport oder einer Solo-Expedition in unserem voll ausgestatteten Sport-Fitnessstudio ist Spa\u00df im Lindos Imperial Resort &amp; Spa sowohl f\u00fcr die Einzelpersonen als auch f\u00fcr die ganze Gruppe garantiert. Auf dem Spa-Gel\u00e4nde finden Sie einen gem\u00fctlichen Fitnessbereich mit hochmodernen Ger\u00e4ten, wo Sie allein oder mit einem spezialisierten Trainer trainieren k\u00f6nnen.<\/p>\n<p>Yoga, Pilates, Aqua-Pilates und Aqua-Aerobic werden t\u00e4glich im Freien angeboten. Im Resort gibt es auch zahlreiche Pl\u00e4tze, Tennis, Boccia, Beachvolleyball und einen Mini-Fu\u00dfballplatz. Wenn Sie Golf lieben, fragen Sie an der Rezeption nach Informationen oder buchen Sie ein Match auf dem Afandou-Golfplatz oder testen Sie Ihren Adrenalinspiegel bei extremen Wassersportarten am Strand von Kiotari. Sie k\u00f6nnen sich auch gerne f\u00fcr Wanderungen und gef\u00fchrte Touren entscheiden.<\/p>\n<p>F\u00fcr weitere Informationen zu den verf\u00fcgbaren Aktivit\u00e4ten wenden Sie sich bitte an unsere Rezeption.<\/p>\n\n\t\t<\/div>\n\t<\/div>\n\t\t<\/div>\n\t<\/div>\n<\/div><\/div><\/div><\/div><\/div><\/div><\/div><\/div><div class=\"vc_row wpb_row vc_row-fluid res-row vc_custom_1642430367338 vc_row-o-content-middle vc_row-flex\" ><div class=\"wpb_column vc_column_container vc_col-sm-12 vc_col-lg-5 vc_col-md-5 vc_col-xs-12\"><div class=\"vc_column-inner\"><div class=\"wpb_wrapper\"><div class=\"eltd-elements-holder   eltd-one-column  eltd-responsive-mode-768\" ><div class=\"eltd-eh-item\"  data-item-class=\"eltd-eh-custom-2944\" data-1280-1600=\"2% 4% 1%\" data-1024-1280=\"2% 3% 1%\" data-768-1024=\"9.5% 4% 12.3% 4%\" data-680-768=\"5% 8% 5% 8%\" data-680=\"5% 6% 5% 6%\">\n\t<div class=\"eltd-eh-item-inner\">\n\t\t<div class=\"eltd-eh-item-content eltd-eh-custom-2944\" style=\"padding: 1% 8% 1%\">\n\t\t\t<div class=\"eltd-section-title-holder eltd-separator-disabled  eltd-st-text-position-left\" style=\"text-align: left\">\n    <div class=\"eltd-section-title-inner\">\n                            <h3 class=\"eltd-st-title eltd-title-left\" >\n                <span class=\"eltd-st-before\"><\/span>\n                <span>Sport- und Unterhaltungseinrichtungen<\/span>\n            <\/h3>\n                            <\/div>\n<\/div><div class=\"vc_empty_space\"   style=\"height: 20px\"><span class=\"vc_empty_space_inner\"><\/span><\/div><div class=\"vc_row wpb_row vc_inner vc_row-fluid vc_row-o-content-top vc_row-flex eltd-content-aligment-left\" ><div class=\"wpb_column vc_column_container vc_col-sm-6\"><div class=\"vc_column-inner\"><div class=\"wpb_wrapper\">\n\t<div class=\"wpb_text_column wpb_content_element\" >\n\t\t<div class=\"wpb_wrapper\">\n\t\t\t<ul>\n<li>Aktivit\u00e4tspool (6 Wasserrutschen)<\/li>\n<li>4 Au\u00dfenpools (nicht beheizt)<\/li>\n<li>2 Kinderbecken<\/li>\n<li>1 Innenpool (nicht beheizt)<\/li>\n<li>Yoga-Sessions<\/li>\n<li>Aqua Pilates &amp; Aqua Aerobics<\/li>\n<li>Fitnessraum: Klimatisiertes, voll ausgestattetes Fitnessstudio im Spa-Center, ge\u00f6ffnet von 10:00 bis 19:00. Reservierung erforderlich.<\/li>\n<li>Fitnessstudio im Freien<\/li>\n<li>Tennisplatz mit Kunstrasen. Tags\u00fcber kostenlos nutzbar. Flutlicht gegen Aufpreis. Reservierung erforderlich.<\/li>\n<li>2 Padelpl\u00e4tze (gegen Aufpreis). Reservierung erforderlich.<\/li>\n<li>Boccia-Bahn. Kostenlos. Reservierung erforderlich.<\/li>\n<li>Tischtennis<\/li>\n<li>Beachvolleyballfeld<\/li>\n<\/ul>\n\n\t\t<\/div>\n\t<\/div>\n<\/div><\/div><\/div><div class=\"wpb_column vc_column_container vc_col-sm-6\"><div class=\"vc_column-inner\"><div class=\"wpb_wrapper\">\n\t<div class=\"wpb_text_column wpb_content_element\" >\n\t\t<div class=\"wpb_wrapper\">\n\t\t\t<ul>\n<li>Sand- und Kiesstrand<\/li>\n<li>Sonnenliegen &amp; Sonnenschirme an Pools &amp; Strand. Kostenlos<\/li>\n<li>Strandt\u00fccher gegen Kaution<\/li>\n<li>Wassersportaktivit\u00e4ten (gegen Aufpreis \/ von Drittanbieter betrieben)<\/li>\n<li>Mini Club verf\u00fcgbar vom 15. Mai \u2013 15. Oktober (4\u201312 Jahre)<\/li>\n<li>Kinderspielplatz<\/li>\n<li>Nintendo-Championships mit Mario Kart<\/li>\n<li>Mehrsprachige Animationsprogramme f\u00fcr alle Altersgruppen<\/li>\n<li>Griechische Folklorenacht mit Livemusik und T\u00e4nzern<\/li>\n<li>Live-Shows im Amphitheater jeden Abend<\/li>\n<li>Mini-Disco im Amphitheater jeden Abend<\/li>\n<li>Live-Musikabende 6 Tagen\/Woche in der Hauptlobbybar<\/li>\n<li>Cinema 7D (gegen Aufpreis)<\/li>\n<li>Auto-\/Motorrad-\/Fahrradverleih (gegen Aufpreis)<\/li>\n<\/ul>\n\n\t\t<\/div>\n\t<\/div>\n<\/div><\/div><\/div><\/div>\n\t<div class=\"wpb_text_column wpb_content_element  vc_custom_1744304599271\" >\n\t\t<div class=\"wpb_wrapper\">\n\t\t\t<p><em>Bis zum 15. Mai sind alle Outdoor-Aktivit\u00e4ten und die \u00d6ffnungszeiten der Au\u00dfenbereiche wetterabh\u00e4ngig<\/em><\/p>\n\n\t\t<\/div>\n\t<\/div>\n\t\t<\/div>\n\t<\/div>\n<\/div><\/div><\/div><\/div><\/div><div class=\"wpb_column vc_column_container vc_col-sm-12 vc_col-lg-7 vc_col-md-7 vc_col-xs-12\"><div class=\"vc_column-inner vc_custom_1512388399818\"><div class=\"wpb_wrapper\"><div class=\"eltd-elements-holder   eltd-one-column  eltd-responsive-mode-768\" ><div class=\"eltd-eh-item\"  data-item-class=\"eltd-eh-custom-7254\">\n\t<div class=\"eltd-eh-item-inner\">\n\t\t<div class=\"eltd-eh-item-content eltd-eh-custom-7254\" >\n\t\t\t<div class=\"eltd-image-gallery  eltd-ig-slider-type eltd-no-space   eltd-custom-nav  eltd-hide-pagination\">\n\t<div class=\"eltd-ig-slider eltd-owl-slider\" data-number-of-items=\"1\" data-enable-loop=\"yes\" data-enable-autoplay=\"yes\" data-slider-speed=\"5000\" data-slider-speed-animation=\"600\" data-slider-padding=\"no\" data-enable-navigation=\"yes\" data-enable-custom-navigation=\"yes\" data-enable-pagination=\"yes\" data-slider-animate-out=\"fadeOut\">\n\t\t\t\t\t<div class=\"eltd-ig-image\">\n\t\t\t\t\t\t\t\t\t<img loading=\"lazy\" decoding=\"async\" src=\"https:\/\/www.lindos-imperial.gr\/wp-content\/uploads\/2021\/12\/activities-1100x900.jpg\" alt=\"activities Lindos Imperial Resort & Spa\" width=\"1100\" height=\"900\" \/>\t\t\t\t\t\t\t<\/div>\n\t\t\t\t\t<div class=\"eltd-ig-image\">\n\t\t\t\t\t\t\t\t\t<img loading=\"lazy\" decoding=\"async\" src=\"https:\/\/www.lindos-imperial.gr\/wp-content\/uploads\/2022\/02\/sports1-1100x900.jpg\" alt=\"sports Lindos Imperial Resort & Spa\" width=\"1100\" height=\"900\" \/>\t\t\t\t\t\t\t<\/div>\n\t\t\t\t\t<div class=\"eltd-ig-image\">\n\t\t\t\t\t\t\t\t\t<img loading=\"lazy\" decoding=\"async\" src=\"https:\/\/www.lindos-imperial.gr\/wp-content\/uploads\/2022\/02\/sports2-1100x900.jpg\" alt=\"sports Lindos Imperial Resort & Spa\" width=\"1100\" height=\"900\" \/>\t\t\t\t\t\t\t<\/div>\n\t\t\t\t\t<div class=\"eltd-ig-image\">\n\t\t\t\t\t\t\t\t\t<img loading=\"lazy\" decoding=\"async\" src=\"https:\/\/www.lindos-imperial.gr\/wp-content\/uploads\/2026\/02\/Gym-1100x900.jpg\" alt=\"\" width=\"1100\" height=\"900\" \/>\t\t\t\t\t\t\t<\/div>\n\t\t\t<\/div>\n<\/div>\t\t<\/div>\n\t<\/div>\n<\/div><\/div><\/div><\/div><\/div><\/div>\n<\/div>","protected":false},"excerpt":{"rendered":"The most satisfying way to stay fit! Are you a fitness lover who does not miss a day of [...]","protected":false},"author":1,"featured_media":0,"parent":0,"menu_order":0,"comment_status":"closed","ping_status":"closed","template":"full-width.php","meta":{"inline_featured_image":false,"footnotes":""},"class_list":["post-5470","page","type-page","status-publish","hentry"],"_links":{"self":[{"href":"https:\/\/www.lindos-imperial.gr\/de\/wp-json\/wp\/v2\/pages\/5470","targetHints":{"allow":["GET"]}}],"collection":[{"href":"https:\/\/www.lindos-imperial.gr\/de\/wp-json\/wp\/v2\/pages"}],"about":[{"href":"https:\/\/www.lindos-imperial.gr\/de\/wp-json\/wp\/v2\/types\/page"}],"author":[{"embeddable":true,"href":"https:\/\/www.lindos-imperial.gr\/de\/wp-json\/wp\/v2\/users\/1"}],"replies":[{"embeddable":true,"href":"https:\/\/www.lindos-imperial.gr\/de\/wp-json\/wp\/v2\/comments?post=5470"}],"version-history":[{"count":67,"href":"https:\/\/www.lindos-imperial.gr\/de\/wp-json\/wp\/v2\/pages\/5470\/revisions"}],"predecessor-version":[{"id":8463,"href":"https:\/\/www.lindos-imperial.gr\/de\/wp-json\/wp\/v2\/pages\/5470\/revisions\/8463"}],"wp:attachment":[{"href":"https:\/\/www.lindos-imperial.gr\/de\/wp-json\/wp\/v2\/media?parent=5470"}],"curies":[{"name":"wp","href":"https:\/\/api.w.org\/{rel}","templated":true}]}}