{"id":5499,"date":"2021-12-22T08:38:20","date_gmt":"2021-12-22T08:38:20","guid":{"rendered":"https:\/\/www.lindos-imperial.gr\/?page_id=5499"},"modified":"2025-11-21T13:15:38","modified_gmt":"2025-11-21T13:15:38","slug":"spa-wellness-rhodes","status":"publish","type":"page","link":"https:\/\/www.lindos-imperial.gr\/de\/spa-wellness-rhodes\/","title":{"rendered":"Spa &#038; Wellness"},"content":{"rendered":"<div class=\"wpb-content-wrapper\"><div class=\"vc_row wpb_row vc_row-fluid res-row vc_custom_1642430919672 vc_row-has-fill\" ><div class=\"wpb_column vc_column_container vc_col-sm-12\"><div class=\"vc_column-inner\"><div class=\"wpb_wrapper\"><div class=\"eltd-elements-holder   eltd-two-columns  eltd-responsive-mode-1024\" ><div class=\"eltd-eh-item\"  data-item-class=\"eltd-eh-custom-9258\" data-1280-1600=\"0% 8% 32px 2%\" data-1024-1280=\"0px 8% 0px 8%\" data-768-1024=\"2% 2% 20px 2%\" data-680-768=\"0% 3% 0px 3%\" data-680=\"0 0\">\n\t<div class=\"eltd-eh-item-inner\">\n\t\t<div class=\"eltd-eh-item-content eltd-eh-custom-9258\" style=\"padding: 4% 10% 4% 10%\">\n\t\t\t<div class=\"eltd-section-title-holder eltd-separator-disabled\" >\n    <div class=\"eltd-section-title-inner\">\n                            <h3 class=\"eltd-st-title\" >\n                <span class=\"eltd-st-before\"><\/span>\n                <span>Luxus trifft Ruhe in den Spa-Einrichtungen des Resorts<\/span>\n            <\/h3>\n                            <\/div>\n<\/div>\n\t<div class=\"wpb_text_column wpb_content_element\" >\n\t\t<div class=\"wpb_wrapper\">\n\t\t\t<p>Lassen Sie den Stress und die Sorgen des Alltags hinter sich und beleben Sie K\u00f6rper und Seele in der beruhigenden Atmosph\u00e4re des Lindos Imperial Resort Spa. W\u00e4hlen Sie aus einer gro\u00dfen Auswahl an Behandlungen, Gesichts- und K\u00f6rpermassagen, was Ihren Bed\u00fcrfnissen und W\u00fcnschen am besten entspricht, und vertrauen Sie den erfahrenen H\u00e4nden unserer erfahrenen Fachkr\u00e4fte f\u00fcr ein unvergessliches Wellness-Erlebnis.<\/p>\n<p>Tauchen Sie ein in den berauschenden Duft und das geschmeidige Hautgef\u00fchl unserer Kr\u00e4uter- und Pflanzen-Produkte; lassen Sie los und genie\u00dfen Sie die gro\u00dfz\u00fcgigen Massagen und Heilrituale aus aller Welt, oder noch entscheiden Sie sich f\u00fcr Sch\u00f6nheitsbehandlungen, die alle Ihre Sinne beleben und Sie erfrischt und voller Energie f\u00fchlen lassen!<\/p>\n<p>Das Spa im Lindos Imperial Resort &amp; Spa wird von einem Drittanbieter, dem Evridiki Spa, betrieben. Evridiki Spa ist t\u00e4glich von <strong>10:00 to 19:00<\/strong>ge\u00f6ffnet. Bitte buchen Sie Ihre Behandlungstermine im Voraus an unserer Spa-Rezeption.<\/p>\n<p><a href=\"https:\/\/www.lindos-imperial.gr\/wp-content\/uploads\/2024\/04\/Lindos-Imperial-main-menu-2024.pdf\" target=\"_blank\" rel=\"noopener\"><img loading=\"lazy\" decoding=\"async\" class=\"alignnone wp-image-7065 size-full\" src=\"https:\/\/www.lindos-imperial.gr\/wp-content\/uploads\/2022\/02\/spa-menu-2.jpg\" alt=\"\" width=\"264\" height=\"89\" \/><\/a><\/p>\n\n\t\t<\/div>\n\t<\/div>\n\t\t<\/div>\n\t<\/div>\n<\/div><div class=\"eltd-eh-item   eltd-horizontal-alignment-center\"  data-item-class=\"eltd-eh-custom-1897\">\n\t<div class=\"eltd-eh-item-inner\">\n\t\t<div class=\"eltd-eh-item-content eltd-eh-custom-1897\" >\n\t\t\t<div class=\"eltd-image-gallery  eltd-ig-slider-type eltd-large-space   eltd-custom-nav eltd-custom-nav-right eltd-hide-pagination\">\n\t<div class=\"eltd-ig-slider eltd-owl-slider\" data-number-of-items=\"1\" data-enable-loop=\"yes\" data-enable-autoplay=\"yes\" data-slider-speed=\"5000\" data-slider-speed-animation=\"600\" data-slider-padding=\"no\" data-enable-navigation=\"yes\" data-enable-custom-navigation=\"yes\" data-enable-pagination=\"yes\" data-slider-animate-out=\"fadeOut\">\n\t\t\t\t\t<div class=\"eltd-ig-image\">\n\t\t\t\t\t\t\t\t\t<img loading=\"lazy\" decoding=\"async\" width=\"1160\" height=\"980\" src=\"https:\/\/www.lindos-imperial.gr\/wp-content\/uploads\/2024\/12\/li-spa.jpg\" class=\"attachment-full size-full\" alt=\"\" srcset=\"https:\/\/www.lindos-imperial.gr\/wp-content\/uploads\/2024\/12\/li-spa.jpg 1160w, https:\/\/www.lindos-imperial.gr\/wp-content\/uploads\/2024\/12\/li-spa-300x253.jpg 300w, https:\/\/www.lindos-imperial.gr\/wp-content\/uploads\/2024\/12\/li-spa-1024x865.jpg 1024w, https:\/\/www.lindos-imperial.gr\/wp-content\/uploads\/2024\/12\/li-spa-768x649.jpg 768w, https:\/\/www.lindos-imperial.gr\/wp-content\/uploads\/2024\/12\/li-spa-14x12.jpg 14w\" sizes=\"auto, (max-width: 1160px) 100vw, 1160px\" \/>\t\t\t\t\t\t\t<\/div>\n\t\t\t<\/div>\n<\/div>\t\t<\/div>\n\t<\/div>\n<\/div><\/div><\/div><\/div><\/div><\/div><div class=\"vc_row wpb_row vc_row-fluid vc_custom_1640162970655 vc_row-has-fill\" ><div class=\"wpb_column vc_column_container vc_col-sm-12\"><div class=\"vc_column-inner\"><div class=\"wpb_wrapper\"><div class=\"eltd-elements-holder   eltd-two-columns  eltd-responsive-mode-1024\" ><div class=\"eltd-eh-item   eltd-horizontal-alignment-center\"  data-item-class=\"eltd-eh-custom-2058\" data-680-768=\"0 0\" data-680=\"0 0\">\n\t<div class=\"eltd-eh-item-inner\">\n\t\t<div class=\"eltd-eh-item-content eltd-eh-custom-2058\" >\n\t\t\t<div class=\"eltd-image-gallery  eltd-ig-slider-type eltd-large-space   eltd-custom-nav eltd-custom-nav-right eltd-hide-pagination\">\n\t<div class=\"eltd-ig-slider eltd-owl-slider\" data-number-of-items=\"1\" data-enable-loop=\"yes\" data-enable-autoplay=\"yes\" data-slider-speed=\"5000\" data-slider-speed-animation=\"600\" data-slider-padding=\"no\" data-enable-navigation=\"yes\" data-enable-custom-navigation=\"yes\" data-enable-pagination=\"yes\" data-slider-animate-out=\"fadeOut\">\n\t\t\t\t\t<div class=\"eltd-ig-image\">\n\t\t\t\t\t\t\t\t\t<img loading=\"lazy\" decoding=\"async\" width=\"1160\" height=\"980\" src=\"https:\/\/www.lindos-imperial.gr\/wp-content\/uploads\/2024\/12\/li-spa.jpg\" class=\"attachment-full size-full\" alt=\"\" srcset=\"https:\/\/www.lindos-imperial.gr\/wp-content\/uploads\/2024\/12\/li-spa.jpg 1160w, https:\/\/www.lindos-imperial.gr\/wp-content\/uploads\/2024\/12\/li-spa-300x253.jpg 300w, https:\/\/www.lindos-imperial.gr\/wp-content\/uploads\/2024\/12\/li-spa-1024x865.jpg 1024w, https:\/\/www.lindos-imperial.gr\/wp-content\/uploads\/2024\/12\/li-spa-768x649.jpg 768w, https:\/\/www.lindos-imperial.gr\/wp-content\/uploads\/2024\/12\/li-spa-14x12.jpg 14w\" sizes=\"auto, (max-width: 1160px) 100vw, 1160px\" \/>\t\t\t\t\t\t\t<\/div>\n\t\t\t\t\t<div class=\"eltd-ig-image\">\n\t\t\t\t\t\t\t\t\t<img loading=\"lazy\" decoding=\"async\" width=\"1160\" height=\"980\" src=\"https:\/\/www.lindos-imperial.gr\/wp-content\/uploads\/2024\/12\/li-spa-pool.jpg\" class=\"attachment-full size-full\" alt=\"\" srcset=\"https:\/\/www.lindos-imperial.gr\/wp-content\/uploads\/2024\/12\/li-spa-pool.jpg 1160w, https:\/\/www.lindos-imperial.gr\/wp-content\/uploads\/2024\/12\/li-spa-pool-300x253.jpg 300w, https:\/\/www.lindos-imperial.gr\/wp-content\/uploads\/2024\/12\/li-spa-pool-1024x865.jpg 1024w, https:\/\/www.lindos-imperial.gr\/wp-content\/uploads\/2024\/12\/li-spa-pool-768x649.jpg 768w, https:\/\/www.lindos-imperial.gr\/wp-content\/uploads\/2024\/12\/li-spa-pool-14x12.jpg 14w\" sizes=\"auto, (max-width: 1160px) 100vw, 1160px\" \/>\t\t\t\t\t\t\t<\/div>\n\t\t\t\t\t<div class=\"eltd-ig-image\">\n\t\t\t\t\t\t\t\t\t<img loading=\"lazy\" decoding=\"async\" width=\"1160\" height=\"980\" src=\"https:\/\/www.lindos-imperial.gr\/wp-content\/uploads\/2024\/12\/li-spa-sauna.jpg\" class=\"attachment-full size-full\" alt=\"\" srcset=\"https:\/\/www.lindos-imperial.gr\/wp-content\/uploads\/2024\/12\/li-spa-sauna.jpg 1160w, https:\/\/www.lindos-imperial.gr\/wp-content\/uploads\/2024\/12\/li-spa-sauna-300x253.jpg 300w, https:\/\/www.lindos-imperial.gr\/wp-content\/uploads\/2024\/12\/li-spa-sauna-1024x865.jpg 1024w, https:\/\/www.lindos-imperial.gr\/wp-content\/uploads\/2024\/12\/li-spa-sauna-768x649.jpg 768w, https:\/\/www.lindos-imperial.gr\/wp-content\/uploads\/2024\/12\/li-spa-sauna-14x12.jpg 14w\" sizes=\"auto, (max-width: 1160px) 100vw, 1160px\" \/>\t\t\t\t\t\t\t<\/div>\n\t\t\t<\/div>\n<\/div>\t\t<\/div>\n\t<\/div>\n<\/div><div class=\"eltd-eh-item\"  data-item-class=\"eltd-eh-custom-3821\" data-1280-1600=\"0% 10% 32px 10%\" data-1024-1280=\"0px 7% 0px 7%\" data-768-1024=\"4% 10% 20px 0%\" data-680-768=\"10% 0% 0px 0%\" data-680=\"8% 0% 0px 0%\">\n\t<div class=\"eltd-eh-item-inner\">\n\t\t<div class=\"eltd-eh-item-content eltd-eh-custom-3821\" style=\"padding: 4% 10% 4% 10%\">\n\t\t\t<div class=\"eltd-section-title-holder eltd-separator-disabled\" >\n    <div class=\"eltd-section-title-inner\">\n                            <h3 class=\"eltd-st-title\" >\n                <span class=\"eltd-st-before\"><\/span>\n                <span>Evridiki Spa bietet folgende Einrichtungen:<\/span>\n            <\/h3>\n                            <\/div>\n<\/div>\n\t<div class=\"wpb_text_column wpb_content_element\" >\n\t\t<div class=\"wpb_wrapper\">\n\t\t\t<p><strong>Kostenlose Einrichtungen umfassen <\/strong>die Sauna, das beheizte Hallenbad (Frischwasser) sowie den Indoor-Whirlpool (nach Terminvereinbarung).<\/p>\n\n\t\t<\/div>\n\t<\/div>\n\n\t<div class=\"wpb_text_column wpb_content_element\" >\n\t\t<div class=\"wpb_wrapper\">\n\t\t\t<p><strong>Kostenpflichtige Spa-Einrichtungen (nach Terminvereinbarung):<\/strong><\/p>\n\n\t\t<\/div>\n\t<\/div>\n<div class=\"vc_row wpb_row vc_inner vc_row-fluid\" ><div class=\"wpb_column vc_column_container vc_col-sm-6\"><div class=\"vc_column-inner\"><div class=\"wpb_wrapper\">\n\t<div class=\"wpb_text_column wpb_content_element\" >\n\t\t<div class=\"wpb_wrapper\">\n\t\t\t<ul>\n<li>Gesichts- und K\u00f6rperbehandlungen<\/li>\n<li>Gro\u00dfe Auswahl an Massagen<\/li>\n<li>T\u00fcrkisches Hamam-Bad<\/li>\n<li>Dampfbad<\/li>\n<li>Eisbrunnen<\/li>\n<\/ul>\n\n\t\t<\/div>\n\t<\/div>\n<\/div><\/div><\/div><div class=\"wpb_column vc_column_container vc_col-sm-6\"><div class=\"vc_column-inner\"><div class=\"wpb_wrapper\">\n\t<div class=\"wpb_text_column wpb_content_element\" >\n\t\t<div class=\"wpb_wrapper\">\n\t\t\t<ul>\n<li>Erlebnisdusche<\/li>\n<li>Thermo-Relax-Liegen<\/li>\n<li>Kneap<\/li>\n<li>Make-up &amp; Hairstyling (nach Terminvereinbarung)<\/li>\n<\/ul>\n\n\t\t<\/div>\n\t<\/div>\n<\/div><\/div><\/div><\/div>\n\t<div class=\"wpb_text_column wpb_content_element\" >\n\t\t<div class=\"wpb_wrapper\">\n\t\t\t<p>Der Zugang zu den oben genannten Einrichtungen ist f\u00fcr G\u00e4ste ab 12 Jahren in Begleitung ihrer Eltern gestattet. Das Hallenbad <strong>ist jedoch ausschlie\u00dflich G\u00e4sten ab 16 Jahren vorbehalten. F\u00fcr die Nutzung des Hallenbads ist eine Reservierung erforderlich.<\/strong><\/p>\n\n\t\t<\/div>\n\t<\/div>\n<div class=\"vc_empty_space\"   style=\"height: 20px\"><span class=\"vc_empty_space_inner\"><\/span><\/div>\t\t<\/div>\n\t<\/div>\n<\/div><\/div><\/div><\/div><\/div><\/div><div class=\"vc_row wpb_row vc_row-fluid res-row vc_custom_1642430932367 vc_row-has-fill\" ><div class=\"wpb_column vc_column_container vc_col-sm-12\"><div class=\"vc_column-inner\"><div class=\"wpb_wrapper\"><div class=\"eltd-elements-holder   eltd-two-columns  eltd-responsive-mode-1024\" ><div class=\"eltd-eh-item\"  data-item-class=\"eltd-eh-custom-8279\" data-1280-1600=\"0% 9% 0px 0%\" data-1024-1280=\"10px 10% 0px 0%\" data-768-1024=\"4% 0% 50px 0%\" data-680-768=\"c\" data-680=\"5% 0% 60px 0%\">\n\t<div class=\"eltd-eh-item-inner\">\n\t\t<div class=\"eltd-eh-item-content eltd-eh-custom-8279\" style=\"padding: 4% 10% 4% 10%\">\n\t\t\t<div class=\"eltd-section-title-holder eltd-separator-disabled\" >\n    <div class=\"eltd-section-title-inner\">\n                            <h4 class=\"eltd-st-title\" >\n                <span class=\"eltd-st-before\">Gesichtsbehandlungen und mehr f\u00fcr Ihr Wohlbefinden<\/span>\n                <span>!<\/span>\n            <\/h4>\n                            <p class=\"eltd-st-text\" style=\"font-size: 15px;line-height: 22px;margin: 0px\">In unserem Spa finden Sie einige echt wunderbare Gesichtsbehandlungen, um bei warmen Tagen in der Sonne f\u00fcr Ihre Fl\u00fcssigkeitszufuhr zu sorgen und sich zu entspannen!<\/p>\n                    <\/div>\n<\/div><div class=\"vc_row wpb_row vc_inner vc_row-fluid\" ><div class=\"wpb_column vc_column_container vc_col-sm-6\"><div class=\"vc_column-inner\"><div class=\"wpb_wrapper\">\n\t<div class=\"wpb_text_column wpb_content_element\" >\n\t\t<div class=\"wpb_wrapper\">\n\t\t\t<h4>Gesichtsbehandlungen<\/h4>\n<ul>\n<li>Aqua Vita Tiefenhydratationsbehandlung<\/li>\n<li>Mattierende Reinigungsbehandlung<\/li>\n<li>Wein-Elixier Anti-Falten-Gesichtsbehandlung<\/li>\n<li>Bienenk\u00f6nigin luxuri\u00f6se Anti-Falten-Gesichtsbehandlung<\/li>\n<li>Gesichtsbehandlung f\u00fcr M\u00e4nner<\/li>\n<\/ul>\n\n\t\t<\/div>\n\t<\/div>\n<\/div><\/div><\/div><div class=\"wpb_column vc_column_container vc_col-sm-6\"><div class=\"vc_column-inner\"><div class=\"wpb_wrapper\">\n\t<div class=\"wpb_text_column wpb_content_element\" >\n\t\t<div class=\"wpb_wrapper\">\n\t\t\t<h4>K\u00f6rpermassagen &amp; -behandlungen<\/h4>\n<ul>\n<li>Beinmassage<\/li>\n<li>Aromatherapie-Massage<\/li>\n<li>Schwedische Entspannungsmassage<\/li>\n<li>Tiefengewebs-Sportmassage<\/li>\n<li>Hot-Stone-Massage<\/li>\n<li>Therapeutische Massage<\/li>\n<li>Anti-Cellulite-Massage<\/li>\n<li>Kindermassage &amp; Kinder-Schokoladenmassage<\/li>\n<li>Massage in der Schwangerschaft<\/li>\n<li>After Sun K\u00f6rperbehandlung<\/li>\n<li>Junior-Spezialbehandlung<\/li>\n<\/ul>\n\n\t\t<\/div>\n\t<\/div>\n<\/div><\/div><\/div><\/div><div class=\"vc_empty_space\"   style=\"height: 32px\"><span class=\"vc_empty_space_inner\"><\/span><\/div>\n\t<div class=\"wpb_text_column wpb_content_element\" >\n\t\t<div class=\"wpb_wrapper\">\n\t\t\t<p><strong>Tipp:<\/strong> Wir bieten auch einige echt tolle Nagelbehandlungen und Wachsbehandlungen f\u00fcr Gesicht und K\u00f6rper an!<\/p>\n\n\t\t<\/div>\n\t<\/div>\n<div class=\"vc_empty_space\"   style=\"height: 32px\"><span class=\"vc_empty_space_inner\"><\/span><\/div>\t\t<\/div>\n\t<\/div>\n<\/div><div class=\"eltd-eh-item   eltd-horizontal-alignment-center\"  data-item-class=\"eltd-eh-custom-8532\" data-680-768=\"0 0\" data-680=\"0 0\">\n\t<div class=\"eltd-eh-item-inner\">\n\t\t<div class=\"eltd-eh-item-content eltd-eh-custom-8532\" >\n\t\t\t<div class=\"eltd-single-image-holder\">\n    <div class=\"eltd-si-inner\" >\n                                    <img loading=\"lazy\" decoding=\"async\" width=\"1160\" height=\"980\" src=\"https:\/\/www.lindos-imperial.gr\/wp-content\/uploads\/2022\/02\/spa-imperial2.jpg\" class=\"attachment-full size-full\" alt=\"Lindos Imperial Resort &amp; Spa\" srcset=\"https:\/\/www.lindos-imperial.gr\/wp-content\/uploads\/2022\/02\/spa-imperial2.jpg 1160w, https:\/\/www.lindos-imperial.gr\/wp-content\/uploads\/2022\/02\/spa-imperial2-300x253.jpg 300w, https:\/\/www.lindos-imperial.gr\/wp-content\/uploads\/2022\/02\/spa-imperial2-1024x865.jpg 1024w, https:\/\/www.lindos-imperial.gr\/wp-content\/uploads\/2022\/02\/spa-imperial2-768x649.jpg 768w\" sizes=\"auto, (max-width: 1160px) 100vw, 1160px\" \/>                        <\/div>\n<\/div>\t\t<\/div>\n\t<\/div>\n<\/div><\/div><\/div><\/div><\/div><\/div><div class=\"vc_row wpb_row vc_row-fluid vc_custom_1640172000874 vc_row-has-fill\" ><div class=\"wpb_column vc_column_container vc_col-sm-12\"><div class=\"vc_column-inner\"><div class=\"wpb_wrapper\"><div class=\"eltd-elements-holder   eltd-two-columns  eltd-responsive-mode-1024\" ><div class=\"eltd-eh-item   eltd-horizontal-alignment-center\"  data-item-class=\"eltd-eh-custom-6121\" data-1024-1280=\"0% 12% 5% 12%;\" data-768-1024=\"0% 5% 8% 5%\" data-680-768=\"0% 4% 5% 4%\" data-680=\"0% 4% 5% 4%\">\n\t<div class=\"eltd-eh-item-inner\">\n\t\t<div class=\"eltd-eh-item-content eltd-eh-custom-6121\" style=\"padding: 0% 18% 5% 18%\">\n\t\t\t<div class=\"eltd-section-title-holder eltd-separator-disabled\" >\n    <div class=\"eltd-section-title-inner\">\n                            <h3 class=\"eltd-st-title\" style=\"color: #ffffff\">\n                <span class=\"eltd-st-before\"><\/span>\n                <span>Spa-Anfrageformular<\/span>\n            <\/h3>\n                            <\/div>\n<\/div><div class=\"vc_empty_space\"   style=\"height: 40px\"><span class=\"vc_empty_space_inner\"><\/span><\/div>\n<div class=\"wpcf7 no-js\" id=\"wpcf7-f5543-o1\" lang=\"en-US\" dir=\"ltr\" data-wpcf7-id=\"5543\">\n<div class=\"screen-reader-response\"><p role=\"status\" aria-live=\"polite\" aria-atomic=\"true\"><\/p> <ul><\/ul><\/div>\n<form action=\"\/de\/wp-json\/wp\/v2\/pages\/5499#wpcf7-f5543-o1\" method=\"post\" class=\"wpcf7-form init cf7_custom_style_3\" aria-label=\"Contact form\" novalidate=\"novalidate\" data-status=\"init\" data-trp-original-action=\"\/de\/wp-json\/wp\/v2\/pages\/5499#wpcf7-f5543-o1\">\n<fieldset class=\"hidden-fields-container\"><input type=\"hidden\" name=\"_wpcf7\" value=\"5543\" \/><input type=\"hidden\" name=\"_wpcf7_version\" value=\"6.1.5\" \/><input type=\"hidden\" name=\"_wpcf7_locale\" value=\"en_US\" \/><input type=\"hidden\" name=\"_wpcf7_unit_tag\" value=\"wpcf7-f5543-o1\" \/><input type=\"hidden\" name=\"_wpcf7_container_post\" value=\"0\" \/><input type=\"hidden\" name=\"_wpcf7_posted_data_hash\" value=\"\" \/><input type=\"hidden\" name=\"_wpcf7_recaptcha_response\" value=\"\" \/>\n<\/fieldset>\n<div class=\"clearfix\">\n\t<div id=\"left\">\n\t\t<p><span class=\"wpcf7-form-control-wrap\" data-name=\"text-607\"><input size=\"40\" maxlength=\"400\" class=\"wpcf7-form-control wpcf7-text wpcf7-validates-as-required\" aria-required=\"true\" aria-invalid=\"false\" placeholder=\"Vorname\" value=\"\" type=\"text\" name=\"text-607\" \/><\/span><span class=\"wpcf7-form-control-wrap\" data-name=\"text-608\"><input size=\"40\" maxlength=\"400\" class=\"wpcf7-form-control wpcf7-text wpcf7-validates-as-required\" aria-required=\"true\" aria-invalid=\"false\" placeholder=\"Nachname\" value=\"\" type=\"text\" name=\"text-608\" \/><\/span><span class=\"wpcf7-form-control-wrap\" data-name=\"text-330\"><input size=\"40\" maxlength=\"400\" class=\"wpcf7-form-control wpcf7-text\" aria-invalid=\"false\" placeholder=\"Zimmer \/ Reservierungsnummer (wenn vorhanden)\" value=\"\" type=\"text\" name=\"text-330\" \/><\/span><span class=\"wpcf7-form-control-wrap\" data-name=\"menu-436\"><select class=\"wpcf7-form-control wpcf7-select wpcf7-validates-as-required\" aria-required=\"true\" aria-invalid=\"false\" name=\"menu-436\"><option value=\"Preferred time\">Gew\u00fcnschte Zeit<\/option><option value=\"12\">12<\/option><option value=\"13\">13<\/option><option value=\"14\">14<\/option><option value=\"15\">15<\/option><option value=\"16\">16<\/option><option value=\"17\">17<\/option><option value=\"18\">18<\/option><option value=\"19\">19<\/option><option value=\"20\">20<\/option><option value=\"21\">21<\/option><option value=\"22\">22<\/option><option value=\"23\">23<\/option><\/select><\/span>\n\t\t<\/p>\n\t<\/div>\n\t<div id=\"right\">\n\t\t<p><span class=\"wpcf7-form-control-wrap\" data-name=\"email-59\"><input size=\"40\" maxlength=\"400\" class=\"wpcf7-form-control wpcf7-email wpcf7-validates-as-required wpcf7-text wpcf7-validates-as-email\" aria-required=\"true\" aria-invalid=\"false\" placeholder=\"Email\" value=\"\" type=\"email\" name=\"email-59\" \/><\/span><span class=\"wpcf7-form-control-wrap\" data-name=\"tel-753\"><input size=\"40\" maxlength=\"400\" class=\"wpcf7-form-control wpcf7-tel wpcf7-validates-as-required wpcf7-text wpcf7-validates-as-tel\" aria-required=\"true\" aria-invalid=\"false\" placeholder=\"Telefonnummer\" value=\"\" type=\"tel\" name=\"tel-753\" \/><\/span><span class=\"wpcf7-form-control-wrap\" data-name=\"date-722\"><input class=\"wpcf7-form-control wpcf7-date wpcf7-validates-as-required wpcf7-validates-as-date\" aria-required=\"true\" aria-invalid=\"false\" placeholder=\"Date\" value=\"\" type=\"date\" name=\"date-722\" \/><\/span><span class=\"wpcf7-form-control-wrap\" data-name=\"menu-551\"><select class=\"wpcf7-form-control wpcf7-select wpcf7-validates-as-required\" aria-required=\"true\" aria-invalid=\"false\" name=\"menu-551\"><option value=\"Minute\">Minute<\/option><option value=\"00\">00<\/option><option value=\"30\">30<\/option><\/select><\/span>\n\t\t<\/p>\n\t<\/div>\n<\/div>\n<p><span class=\"wpcf7-form-control-wrap\" data-name=\"your-message\"><textarea cols=\"40\" rows=\"10\" maxlength=\"2000\" class=\"wpcf7-form-control wpcf7-textarea\" aria-invalid=\"false\" placeholder=\"Nachricht\" name=\"your-message\"><\/textarea><\/span>\n<\/p>\n<p><input class=\"wpcf7-form-control wpcf7-submit has-spinner\" type=\"submit\" value=\"SENDEN\" \/>\n<\/p><input type='hidden' class='wpcf7-pum' value='{\"closepopup\":false,\"closedelay\":0,\"openpopup\":false,\"openpopup_id\":0}' \/><div class=\"wpcf7-response-output\" aria-hidden=\"true\"><\/div>\n<input type=\"hidden\" name=\"trp-form-language\" value=\"de\"\/><\/form>\n<\/div>\n\t\t<\/div>\n\t<\/div>\n<\/div><\/div><\/div><\/div><\/div><\/div>\n<\/div>","protected":false},"excerpt":{"rendered":"Luxury meets serenity in the Resort\u2019s Spa facilities Let go of stress and the tension of everyday life and [...]","protected":false},"author":1,"featured_media":0,"parent":0,"menu_order":0,"comment_status":"closed","ping_status":"closed","template":"full-width.php","meta":{"inline_featured_image":false,"footnotes":""},"class_list":["post-5499","page","type-page","status-publish","hentry"],"_links":{"self":[{"href":"https:\/\/www.lindos-imperial.gr\/de\/wp-json\/wp\/v2\/pages\/5499","targetHints":{"allow":["GET"]}}],"collection":[{"href":"https:\/\/www.lindos-imperial.gr\/de\/wp-json\/wp\/v2\/pages"}],"about":[{"href":"https:\/\/www.lindos-imperial.gr\/de\/wp-json\/wp\/v2\/types\/page"}],"author":[{"embeddable":true,"href":"https:\/\/www.lindos-imperial.gr\/de\/wp-json\/wp\/v2\/users\/1"}],"replies":[{"embeddable":true,"href":"https:\/\/www.lindos-imperial.gr\/de\/wp-json\/wp\/v2\/comments?post=5499"}],"version-history":[{"count":109,"href":"https:\/\/www.lindos-imperial.gr\/de\/wp-json\/wp\/v2\/pages\/5499\/revisions"}],"predecessor-version":[{"id":8426,"href":"https:\/\/www.lindos-imperial.gr\/de\/wp-json\/wp\/v2\/pages\/5499\/revisions\/8426"}],"wp:attachment":[{"href":"https:\/\/www.lindos-imperial.gr\/de\/wp-json\/wp\/v2\/media?parent=5499"}],"curies":[{"name":"wp","href":"https:\/\/api.w.org\/{rel}","templated":true}]}}