{"id":5561,"date":"2021-12-22T13:45:30","date_gmt":"2021-12-22T13:45:30","guid":{"rendered":"https:\/\/www.lindos-imperial.gr\/?page_id=5561"},"modified":"2025-05-27T12:32:09","modified_gmt":"2025-05-27T12:32:09","slug":"meetings-conferences-rhodes","status":"publish","type":"page","link":"https:\/\/www.lindos-imperial.gr\/de\/meetings-conferences-rhodes\/","title":{"rendered":"Konferenzen &amp; Veranstaltungen"},"content":{"rendered":"<div class=\"wpb-content-wrapper\"><div class=\"eltd-row-grid-section-wrapper\"  ><div class=\"eltd-row-grid-section\"><div class=\"vc_row wpb_row vc_row-fluid vc_custom_1511955592787\" ><div class=\"wpb_column vc_column_container vc_col-sm-4\"><div class=\"vc_column-inner\"><div class=\"wpb_wrapper\"><div class=\"eltd-elements-holder   eltd-one-column  eltd-responsive-mode-768\" ><div class=\"eltd-eh-item\"  data-item-class=\"eltd-eh-custom-6023\" data-768-1024=\"0 14% 0 0\">\n\t<div class=\"eltd-eh-item-inner\">\n\t\t<div class=\"eltd-eh-item-content eltd-eh-custom-6023\" style=\"padding: 0 0 0 0\">\n\t\t\t\n\t<div class=\"wpb_text_column wpb_content_element\" >\n\t\t<div class=\"wpb_wrapper\">\n\t\t\t<h3>Ideale Umgebung f\u00fcr reibungslose Veranstaltungen<\/h3>\n\n\t\t<\/div>\n\t<\/div>\n\t\t<\/div>\n\t<\/div>\n<\/div><\/div><\/div><\/div><\/div><div class=\"wpb_column vc_column_container vc_col-sm-8\"><div class=\"vc_column-inner\"><div class=\"wpb_wrapper\"><div class=\"eltd-elements-holder   eltd-one-column  eltd-responsive-mode-768\" ><div class=\"eltd-eh-item\"  data-item-class=\"eltd-eh-custom-3419\" data-1024-1280=\"20px 30px 0 0px\">\n\t<div class=\"eltd-eh-item-inner\">\n\t\t<div class=\"eltd-eh-item-content eltd-eh-custom-3419\" style=\"padding: 31px 0 0 0\">\n\t\t\t\n\t<div class=\"wpb_text_column wpb_content_element\" >\n\t\t<div class=\"wpb_wrapper\">\n\t\t\t<h4>Verbinden Sie Gesch\u00e4ft und Vergn\u00fcgen im hochwertig ausgestatteten und stilvollen Lindos Imperial Resort &amp; Spa<\/h4>\n<p>M\u00f6chten Sie einen entspannten Strandurlaub auf Rhodos mit einer Gesch\u00e4ftsreise verbinden? Das Lindos Imperial Resort &amp; Spa verf\u00fcgt \u00fcber einen voll ausgestatteten Konferenzraum, der all Ihre W\u00fcnsche und Anforderungen f\u00fcr ein erfolgreiches Business-Meeting, ein Webinar, einen Workshop oder eine Minikonferenz erf\u00fcllt. Mit einer Gesamtkapazit\u00e4t von 100 Personen im Theaterstil, hochmoderner audiovisueller Ausstattung und dem hervorragenden Service des Personals von Lindos Imperial Resort &amp; Spa wird Ihre Gesch\u00e4ftsveranstaltung ein Erfolg! Gesch\u00e4ft und Vergn\u00fcgen zu verbinden war noch nie so einfach und effektiv wie im Konferenzraum des Lindos Imperial Resort &amp; Spa am Kiotari-Strand auf Rhodos.<\/p>\n<p>Unsere erfahrenen Veranstaltungsplaner sind f\u00fcr Sie da, um Ihnen bei der Planung und Umsetzung jeder beliebigen Veranstaltung zu helfen. Feiern zu besonderen Anl\u00e4ssen, Partys, Hochzeitsempf\u00e4nge oder andere Veranstaltungen k\u00f6nnen mit Hilfe unserer erfahrenen Planer reibungslos organisiert werden. Heiratsantr\u00e4ge am Strand, \u00dcberraschungspartys oder einfach nur ein romantischer Abend zu zweit \u2013 alles, wovon Sie tr\u00e4umen, k\u00f6nnen wir veranstalten!<\/p>\n<p>F\u00fcr weitere Informationen oder Anfragen zur Planung und Umsetzung einer Gesch\u00e4fts- oder anderen Veranstaltung auf dem Gel\u00e4nde des Lindos Imperial Resort &amp; Spa wenden Sie sich bitte an unsere Verkaufsabteilung.<\/p>\n\n\t\t<\/div>\n\t<\/div>\n\t\t<\/div>\n\t<\/div>\n<\/div><\/div><div class=\"vc_empty_space\"   style=\"height: 40px\"><span class=\"vc_empty_space_inner\"><\/span><\/div><\/div><\/div><\/div><\/div><\/div><\/div><div data-parallax-bg-image=\"https:\/\/www.lindos-imperial.gr\/wp-content\/uploads\/2024\/02\/meetings.jpg\" data-parallax-bg-speed=\"1\" class=\"vc_row wpb_row vc_row-fluid vc_custom_1709200454966 vc_row-o-content-middle vc_row-flex eltd-parallax-row-holder eltd-content-aligment-center\" ><div class=\"wpb_column vc_column_container vc_col-sm-12\"><div class=\"vc_column-inner\"><div class=\"wpb_wrapper\"><div class=\"eltd-elements-holder   eltd-one-column  eltd-responsive-mode-768\" ><div class=\"eltd-eh-item\"  data-item-class=\"eltd-eh-custom-3394\" data-1280-1600=\"22% 0 22% 0\" data-1024-1280=\"22% 0 22% 0\" data-768-1024=\"22% 0 22% 0\" data-680-768=\"29% 0 29% 0\" data-680=\"30% 0 30% 0\">\n\t<div class=\"eltd-eh-item-inner\">\n\t\t<div class=\"eltd-eh-item-content eltd-eh-custom-3394\" style=\"padding: 18.2% 0 18.2% 0\">\n\t\t\t\t\t<\/div>\n\t<\/div>\n<\/div><\/div><\/div><\/div><\/div><\/div>\n<\/div>","protected":false},"excerpt":{"rendered":"Ideal setting for a seamless event Combining business and pleasure in the sophisticated and stylish Lindos Imperial Resort &amp; [...]","protected":false},"author":1,"featured_media":0,"parent":0,"menu_order":0,"comment_status":"closed","ping_status":"closed","template":"full-width.php","meta":{"inline_featured_image":false,"footnotes":""},"class_list":["post-5561","page","type-page","status-publish","hentry"],"_links":{"self":[{"href":"https:\/\/www.lindos-imperial.gr\/de\/wp-json\/wp\/v2\/pages\/5561","targetHints":{"allow":["GET"]}}],"collection":[{"href":"https:\/\/www.lindos-imperial.gr\/de\/wp-json\/wp\/v2\/pages"}],"about":[{"href":"https:\/\/www.lindos-imperial.gr\/de\/wp-json\/wp\/v2\/types\/page"}],"author":[{"embeddable":true,"href":"https:\/\/www.lindos-imperial.gr\/de\/wp-json\/wp\/v2\/users\/1"}],"replies":[{"embeddable":true,"href":"https:\/\/www.lindos-imperial.gr\/de\/wp-json\/wp\/v2\/comments?post=5561"}],"version-history":[{"count":20,"href":"https:\/\/www.lindos-imperial.gr\/de\/wp-json\/wp\/v2\/pages\/5561\/revisions"}],"predecessor-version":[{"id":8348,"href":"https:\/\/www.lindos-imperial.gr\/de\/wp-json\/wp\/v2\/pages\/5561\/revisions\/8348"}],"wp:attachment":[{"href":"https:\/\/www.lindos-imperial.gr\/de\/wp-json\/wp\/v2\/media?parent=5561"}],"curies":[{"name":"wp","href":"https:\/\/api.w.org\/{rel}","templated":true}]}}