{"id":5569,"date":"2021-12-22T14:04:50","date_gmt":"2021-12-22T14:04:50","guid":{"rendered":"https:\/\/www.lindos-imperial.gr\/?page_id=5569"},"modified":"2026-03-31T08:57:13","modified_gmt":"2026-03-31T08:57:13","slug":"offers","status":"publish","type":"page","link":"https:\/\/www.lindos-imperial.gr\/de\/offers\/","title":{"rendered":"Angebote"},"content":{"rendered":"<div class=\"wpb-content-wrapper\"><div class=\"eltd-row-grid-section-wrapper\"  ><div class=\"eltd-row-grid-section\"><div class=\"vc_row wpb_row vc_row-fluid vc_custom_1733384755357\" ><div class=\"wpb_column vc_column_container vc_col-sm-12 vc_col-lg-12 vc_col-md-12\"><div class=\"vc_column-inner\"><div class=\"wpb_wrapper\"><div class=\"eltd-elements-holder   eltd-two-columns  eltd-responsive-mode-768\" ><div class=\"eltd-eh-item\"  data-item-class=\"eltd-eh-custom-2058\" data-768-1024=\"0 0\" data-680-768=\"0 0\" data-680=\"0 0\">\n\t<div class=\"eltd-eh-item-inner\">\n\t\t<div class=\"eltd-eh-item-content eltd-eh-custom-2058\" >\n\t\t\t<div class=\"eltd-image-gallery  eltd-ig-slider-type eltd-large-space   eltd-custom-nav  eltd-hide-pagination\">\n\t<div class=\"eltd-ig-slider eltd-owl-slider\" data-number-of-items=\"1\" data-enable-loop=\"yes\" data-enable-autoplay=\"yes\" data-slider-speed=\"5000\" data-slider-speed-animation=\"600\" data-slider-padding=\"no\" data-enable-navigation=\"yes\" data-enable-custom-navigation=\"yes\" data-enable-pagination=\"yes\" data-slider-animate-out=\"fadeOut\">\n\t\t\t\t\t<div class=\"eltd-ig-image\">\n\t\t\t\t\t\t\t\t\t<img loading=\"lazy\" decoding=\"async\" width=\"1200\" height=\"1200\" src=\"https:\/\/www.lindos-imperial.gr\/wp-content\/uploads\/2026\/02\/LI.jpg\" class=\"attachment-full size-full\" alt=\"\" srcset=\"https:\/\/www.lindos-imperial.gr\/wp-content\/uploads\/2026\/02\/LI.jpg 1200w, https:\/\/www.lindos-imperial.gr\/wp-content\/uploads\/2026\/02\/LI-300x300.jpg 300w, https:\/\/www.lindos-imperial.gr\/wp-content\/uploads\/2026\/02\/LI-1024x1024.jpg 1024w, https:\/\/www.lindos-imperial.gr\/wp-content\/uploads\/2026\/02\/LI-150x150.jpg 150w, https:\/\/www.lindos-imperial.gr\/wp-content\/uploads\/2026\/02\/LI-768x768.jpg 768w, https:\/\/www.lindos-imperial.gr\/wp-content\/uploads\/2026\/02\/LI-12x12.jpg 12w, https:\/\/www.lindos-imperial.gr\/wp-content\/uploads\/2026\/02\/LI-550x550.jpg 550w, https:\/\/www.lindos-imperial.gr\/wp-content\/uploads\/2026\/02\/LI-1100x1100.jpg 1100w\" sizes=\"auto, (max-width: 1200px) 100vw, 1200px\" \/>\t\t\t\t\t\t\t<\/div>\n\t\t\t<\/div>\n<\/div>\t\t<\/div>\n\t<\/div>\n<\/div><div class=\"eltd-eh-item   eltd-horizontal-alignment-center\"  data-item-class=\"eltd-eh-custom-5170\">\n\t<div class=\"eltd-eh-item-inner\">\n\t\t<div class=\"eltd-eh-item-content eltd-eh-custom-5170\" style=\"padding: 0 20% 5px 20%\">\n\t\t\t<div class=\"eltd-section-title-holder eltd-separator-disabled\" >\n    <div class=\"eltd-section-title-inner\">\n                    <h5 class=\"eltd-st-subtitle\" >\n                <span>Lindos Imperial Resort &amp; Spa<\/span>\n            <\/h5>\n                            <h3 class=\"eltd-st-title\" >\n                <span class=\"eltd-st-before\"><\/span>\n                <span>Exklusives Willkommenspaket f\u00fcr Direktbuchungen!<\/span>\n            <\/h3>\n                            <\/div>\n<\/div>\n\t<div class=\"wpb_text_column wpb_content_element\" >\n\t\t<div class=\"wpb_wrapper\">\n\t\t\t<p style=\"text-align: center;\">Buchen Sie direkt \u00fcber unsere offizielle Website und sichern Sie sich exklusive Vorteile!<\/p>\n<p style=\"text-align: center;\">Bei einem Aufenthalt von 5 N\u00e4chten oder mehr profitieren Sie von unserem exklusiven Willkommenspaket, das Folgendes beinhaltet:<\/p>\n<ul>\n<li style=\"text-align: center;\">Bei Ihrer Ankunft erwartet Sie eine kostenlose Flasche Wein auf Ihrem Zimmer.<\/li>\n<li style=\"text-align: center;\">Kostenloser fr\u00fcher Check-in und sp\u00e4ter Check-out (je nach Verf\u00fcgbarkeit).<\/li>\n<li style=\"text-align: center;\">15 % Erm\u00e4\u00dfigung auf Spa-Behandlungen (einmal pro Aufenthalt, f\u00fcr G\u00e4ste \u00fcber 16 Jahre).<\/li>\n<\/ul>\n<p style=\"text-align: center;\"><em>Bitte beachten Sie: Das Willkommenspaket ist ausschlie\u00dflich f\u00fcr Buchungen \u00fcber unsere Website erh\u00e4ltlich und kann nicht gegen andere Rabatte oder Leistungen eingetauscht werden.<\/em><\/p>\n\n\t\t<\/div>\n\t<\/div>\n<div class=\"vc_empty_space\"   style=\"height: 40px\"><span class=\"vc_empty_space_inner\"><\/span><\/div><a itemprop=\"url\" href=\"https:\/\/book.lindos-imperial.gr\/\" target=\"_blank\" style=\"background-color: #527480\" class=\"eltd-btn eltd-btn-medium eltd-btn-solid eltd-btn-line-left eltd-btn-animation-enabled\"  >\n    <span class=\"eltd-btn-text\">Jetzt buchen<\/span>\n\n        \t<span class=\"eltd-btn-hover-overlay\" style=\"background-color: #527480\"><\/span>\n    \n    <\/a>\t\t<\/div>\n\t<\/div>\n<\/div><\/div><div class=\"eltd-elements-holder   eltd-two-columns  eltd-responsive-mode-768\" ><div class=\"eltd-eh-item   eltd-horizontal-alignment-center\"  data-item-class=\"eltd-eh-custom-2617\">\n\t<div class=\"eltd-eh-item-inner\">\n\t\t<div class=\"eltd-eh-item-content eltd-eh-custom-2617\" >\n\t\t\t<div class=\"eltd-section-title-holder eltd-separator-disabled\" >\n    <div class=\"eltd-section-title-inner\">\n                    <h5 class=\"eltd-st-subtitle\" >\n                <span>Lindos Imperial Resort &amp; Spa<\/span>\n            <\/h5>\n                            <h3 class=\"eltd-st-title\" >\n                <span class=\"eltd-st-before\"><\/span>\n                <span>Spring Offer<\/span>\n            <\/h3>\n                            <\/div>\n<\/div>\n\t<div class=\"wpb_text_column wpb_content_element\" >\n\t\t<div class=\"wpb_wrapper\">\n\t\t\t<p style=\"text-align: center;\">Buchen Sie jetzt und sparen Sie <strong>save up to 25%*<\/strong> auf den Gesamtwert Ihrer Buchung.<\/p>\n<p style=\"text-align: center;\">* Combine our Spring Offer and Member Loyalty Offer when you book directly.<\/p>\n\n\t\t<\/div>\n\t<\/div>\n<div class=\"vc_empty_space\"   style=\"height: 40px\"><span class=\"vc_empty_space_inner\"><\/span><\/div><a itemprop=\"url\" href=\"https:\/\/book.lindos-imperial.gr\/\" target=\"_blank\" style=\"background-color: #527480\" class=\"eltd-btn eltd-btn-medium eltd-btn-solid eltd-btn-line-left eltd-btn-animation-enabled\"  >\n    <span class=\"eltd-btn-text\">Jetzt buchen<\/span>\n\n        \t<span class=\"eltd-btn-hover-overlay\" style=\"background-color: #527480\"><\/span>\n    \n    <\/a>\t\t<\/div>\n\t<\/div>\n<\/div><div class=\"eltd-eh-item\"  data-item-class=\"eltd-eh-custom-3231\" data-768-1024=\"0 0\" data-680-768=\"0 0\" data-680=\"0 0\">\n\t<div class=\"eltd-eh-item-inner\">\n\t\t<div class=\"eltd-eh-item-content eltd-eh-custom-3231\" >\n\t\t\t<div class=\"eltd-image-gallery  eltd-ig-slider-type eltd-large-space   eltd-custom-nav  eltd-hide-pagination\">\n\t<div class=\"eltd-ig-slider eltd-owl-slider\" data-number-of-items=\"1\" data-enable-loop=\"yes\" data-enable-autoplay=\"yes\" data-slider-speed=\"5000\" data-slider-speed-animation=\"600\" data-slider-padding=\"no\" data-enable-navigation=\"yes\" data-enable-custom-navigation=\"yes\" data-enable-pagination=\"yes\" data-slider-animate-out=\"fadeOut\">\n\t\t\t\t\t<div class=\"eltd-ig-image\">\n\t\t\t\t\t\t\t\t\t<img loading=\"lazy\" decoding=\"async\" width=\"668\" height=\"695\" src=\"https:\/\/www.lindos-imperial.gr\/wp-content\/uploads\/2025\/04\/offer-li.jpg\" class=\"attachment-full size-full\" alt=\"\" srcset=\"https:\/\/www.lindos-imperial.gr\/wp-content\/uploads\/2025\/04\/offer-li.jpg 668w, https:\/\/www.lindos-imperial.gr\/wp-content\/uploads\/2025\/04\/offer-li-288x300.jpg 288w, https:\/\/www.lindos-imperial.gr\/wp-content\/uploads\/2025\/04\/offer-li-12x12.jpg 12w\" sizes=\"auto, (max-width: 668px) 100vw, 668px\" \/>\t\t\t\t\t\t\t<\/div>\n\t\t\t<\/div>\n<\/div>\t\t<\/div>\n\t<\/div>\n<\/div><\/div><div class=\"eltd-elements-holder   eltd-two-columns  eltd-responsive-mode-768\" ><div class=\"eltd-eh-item\"  data-item-class=\"eltd-eh-custom-8989\" data-768-1024=\"0 0\" data-680-768=\"0 0\" data-680=\"0 0\">\n\t<div class=\"eltd-eh-item-inner\">\n\t\t<div class=\"eltd-eh-item-content eltd-eh-custom-8989\" >\n\t\t\t<div class=\"eltd-image-gallery  eltd-ig-slider-type eltd-large-space   eltd-custom-nav  eltd-hide-pagination\">\n\t<div class=\"eltd-ig-slider eltd-owl-slider\" data-number-of-items=\"1\" data-enable-loop=\"yes\" data-enable-autoplay=\"yes\" data-slider-speed=\"5000\" data-slider-speed-animation=\"600\" data-slider-padding=\"no\" data-enable-navigation=\"yes\" data-enable-custom-navigation=\"yes\" data-enable-pagination=\"yes\" data-slider-animate-out=\"fadeOut\">\n\t\t\t\t\t<div class=\"eltd-ig-image\">\n\t\t\t\t\t\t\t\t\t<img loading=\"lazy\" decoding=\"async\" width=\"668\" height=\"695\" src=\"https:\/\/www.lindos-imperial.gr\/wp-content\/uploads\/2022\/02\/imperial-offer2.jpg\" class=\"attachment-full size-full\" alt=\"Lindos Imperial Resort &amp; Spa | pool view\" srcset=\"https:\/\/www.lindos-imperial.gr\/wp-content\/uploads\/2022\/02\/imperial-offer2.jpg 668w, https:\/\/www.lindos-imperial.gr\/wp-content\/uploads\/2022\/02\/imperial-offer2-288x300.jpg 288w\" sizes=\"auto, (max-width: 668px) 100vw, 668px\" \/>\t\t\t\t\t\t\t<\/div>\n\t\t\t<\/div>\n<\/div>\t\t<\/div>\n\t<\/div>\n<\/div><div class=\"eltd-eh-item   eltd-horizontal-alignment-center\" style=\"background-color: #f7f8f9\" data-item-class=\"eltd-eh-custom-8601\" data-1280-1600=\"0 20%\" data-1024-1280=\"0 18% 5px 18%\" data-768-1024=\"3% 10% 3% 10%\" data-680-768=\"40px 10%\" data-680=\"40px 5%\">\n\t<div class=\"eltd-eh-item-inner\">\n\t\t<div class=\"eltd-eh-item-content eltd-eh-custom-8601\" style=\"padding: 0 20% 5px 20%\">\n\t\t\t<div class=\"eltd-section-title-holder eltd-separator-disabled\" >\n    <div class=\"eltd-section-title-inner\">\n                    <h5 class=\"eltd-st-subtitle\" >\n                <span>Lindos Imperial Resort &amp; Spa<\/span>\n            <\/h5>\n                            <h3 class=\"eltd-st-title\" >\n                <span class=\"eltd-st-before\"><\/span>\n                <span>Werden Sie Mitglied in unserem Members Club &amp; sparen Sie 10%<\/span>\n            <\/h3>\n                            <\/div>\n<\/div>\n\t<div class=\"wpb_text_column wpb_content_element\" >\n\t\t<div class=\"wpb_wrapper\">\n\t\t\t<p style=\"text-align: center;\">Werden Sie Mitglied in unserem Members Club und gewinnen Sie 10% Rabatt auf Ihre Reservierung!<\/p>\n<p style=\"text-align: center;\">Es gilt f\u00fcr Reservierungen, die ausschlie\u00dflich \u00fcber unsere Website erfolgen.<\/p>\n\n\t\t<\/div>\n\t<\/div>\n<div class=\"vc_empty_space\"   style=\"height: 40px\"><span class=\"vc_empty_space_inner\"><\/span><\/div><a itemprop=\"url\" href=\"https:\/\/book.lindos-imperial.gr\/?offerid=27974&#038;view=loyalty\" target=\"_blank\" style=\"background-color: #527480\" class=\"eltd-btn eltd-btn-medium eltd-btn-solid eltd-btn-line-left eltd-btn-animation-enabled\"  >\n    <span class=\"eltd-btn-text\">Jetzt buchen<\/span>\n\n        \t<span class=\"eltd-btn-hover-overlay\" style=\"background-color: #527480\"><\/span>\n    \n    <\/a>\t\t<\/div>\n\t<\/div>\n<\/div><\/div><\/div><\/div><\/div><\/div><\/div><\/div>\n<\/div>","protected":false},"excerpt":{"rendered":"Lindos Imperial Resort &amp; Spa Exclusive Welcome Pack for Direct Bookings! Book directly through our official website and enjoy [...]","protected":false},"author":1,"featured_media":0,"parent":0,"menu_order":0,"comment_status":"closed","ping_status":"closed","template":"full-width.php","meta":{"inline_featured_image":false,"footnotes":""},"class_list":["post-5569","page","type-page","status-publish","hentry"],"_links":{"self":[{"href":"https:\/\/www.lindos-imperial.gr\/de\/wp-json\/wp\/v2\/pages\/5569","targetHints":{"allow":["GET"]}}],"collection":[{"href":"https:\/\/www.lindos-imperial.gr\/de\/wp-json\/wp\/v2\/pages"}],"about":[{"href":"https:\/\/www.lindos-imperial.gr\/de\/wp-json\/wp\/v2\/types\/page"}],"author":[{"embeddable":true,"href":"https:\/\/www.lindos-imperial.gr\/de\/wp-json\/wp\/v2\/users\/1"}],"replies":[{"embeddable":true,"href":"https:\/\/www.lindos-imperial.gr\/de\/wp-json\/wp\/v2\/comments?post=5569"}],"version-history":[{"count":125,"href":"https:\/\/www.lindos-imperial.gr\/de\/wp-json\/wp\/v2\/pages\/5569\/revisions"}],"predecessor-version":[{"id":8474,"href":"https:\/\/www.lindos-imperial.gr\/de\/wp-json\/wp\/v2\/pages\/5569\/revisions\/8474"}],"wp:attachment":[{"href":"https:\/\/www.lindos-imperial.gr\/de\/wp-json\/wp\/v2\/media?parent=5569"}],"curies":[{"name":"wp","href":"https:\/\/api.w.org\/{rel}","templated":true}]}}