{"id":5599,"date":"2021-12-23T08:16:48","date_gmt":"2021-12-23T08:16:48","guid":{"rendered":"https:\/\/www.lindos-imperial.gr\/?page_id=5599"},"modified":"2025-11-25T12:02:20","modified_gmt":"2025-11-25T12:02:20","slug":"sustainability","status":"publish","type":"page","link":"https:\/\/www.lindos-imperial.gr\/de\/sustainability\/","title":{"rendered":"Nachhaltigkeit"},"content":{"rendered":"<div class=\"wpb-content-wrapper\"><div class=\"eltd-row-grid-section-wrapper\"  ><div class=\"eltd-row-grid-section\"><div class=\"vc_row wpb_row vc_row-fluid vc_custom_1640248002113\" ><div class=\"wpb_column vc_column_container vc_col-sm-12\"><div class=\"vc_column-inner\"><div class=\"wpb_wrapper\"><div class=\"eltd-elements-holder   eltd-one-column  eltd-responsive-mode-768\" ><div class=\"eltd-eh-item\"  data-item-class=\"eltd-eh-custom-6418\" data-768-1024=\"0 14% 0 0\">\n\t<div class=\"eltd-eh-item-inner\">\n\t\t<div class=\"eltd-eh-item-content eltd-eh-custom-6418\" style=\"padding: 0 0 0 0\">\n\t\t\t\n\t<div class=\"wpb_text_column wpb_content_element\" >\n\t\t<div class=\"wpb_wrapper\">\n\t\t\t<h3>Nachhaltigkeitserkl\u00e4rung<\/h3>\n\n\t\t<\/div>\n\t<\/div>\n\t\t<\/div>\n\t<\/div>\n<\/div><\/div><div class=\"eltd-elements-holder   eltd-one-column  eltd-responsive-mode-768\" ><div class=\"eltd-eh-item\"  data-item-class=\"eltd-eh-custom-9835\" data-1024-1280=\"20px 30px 0 0px\">\n\t<div class=\"eltd-eh-item-inner\">\n\t\t<div class=\"eltd-eh-item-content eltd-eh-custom-9835\" style=\"padding: 31px 0 0 0\">\n\t\t\t\n\t<div class=\"wpb_text_column wpb_content_element\" >\n\t\t<div class=\"wpb_wrapper\">\n\t\t\t<p>Die Lindos Hotel Gruppe ist sich der Auswirkungen unseres Hotelbetriebs auf die lokale, regionale und landesweite Umwelt bewusst. Bei Lindos Hotels setzen wir alles daran, um das Reichtum Rhodos zu bewahren und nachhaltig mit der lokalen Gemeinschaft zusammenzuleben und zu betreiben. Wir sind der festen \u00dcberzeugung, dass Nachhaltigkeit in unsere Gesch\u00e4ftspraktiken und Abl\u00e4ufe auf allen Ebenen und in allen Hotels integriert werden muss. Daher m\u00f6chten wir eine Vorreiterrolle einnehmen und daf\u00fcr sorgen, dass Rhodos auch f\u00fcr kommende Generationen lebendig und widerstandsf\u00e4hig bleibt.<\/p>\n<p>Wir glauben an Nachhaltigkeit durch Design und halten uns daher an die \u201eBest Practices\u201c des nachhaltigen Hoteldesigns als Teil unserer Richtlinien f\u00fcr alle Modernisierungen in unseren Hotels.<\/p>\n<p>Jedes unserer Hotels wird j\u00e4hrlich von unabh\u00e4ngigen externen Pr\u00fcfern sorgf\u00e4ltig bewertet und \u00fcberpr\u00fcft, um sicherzustellen, dass wir unseren nachhaltigen Betrieb kontinuierlich verbessern.<\/p>\n\n\t\t<\/div>\n\t<\/div>\n\t\t<\/div>\n\t<\/div>\n<\/div><\/div><\/div><\/div><\/div><\/div><\/div><\/div><div class=\"eltd-row-grid-section-wrapper\"  ><div class=\"eltd-row-grid-section\"><div class=\"vc_row wpb_row vc_row-fluid vc_custom_1640248028576\" ><div class=\"wpb_column vc_column_container vc_col-sm-12\"><div class=\"vc_column-inner\"><div class=\"wpb_wrapper\"><div class=\"eltd-elements-holder   eltd-one-column  eltd-responsive-mode-768\" ><div class=\"eltd-eh-item\"  data-item-class=\"eltd-eh-custom-6350\" data-768-1024=\"0 14% 0 0\">\n\t<div class=\"eltd-eh-item-inner\">\n\t\t<div class=\"eltd-eh-item-content eltd-eh-custom-6350\" style=\"padding: 0 0 0 0\">\n\t\t\t\n\t<div class=\"wpb_text_column wpb_content_element\" >\n\t\t<div class=\"wpb_wrapper\">\n\t\t\t<h3>Wir setzen die folgenden Verfahren ein:<\/h3>\n\n\t\t<\/div>\n\t<\/div>\n\t\t<\/div>\n\t<\/div>\n<\/div><\/div><div class=\"eltd-elements-holder   eltd-one-column  eltd-responsive-mode-768\" ><div class=\"eltd-eh-item\"  data-item-class=\"eltd-eh-custom-2429\" data-1024-1280=\"20px 30px 0 0px\">\n\t<div class=\"eltd-eh-item-inner\">\n\t\t<div class=\"eltd-eh-item-content eltd-eh-custom-2429\" style=\"padding: 31px 0 0 0\">\n\t\t\t\n\t<div class=\"wpb_text_column wpb_content_element\" >\n\t\t<div class=\"wpb_wrapper\">\n\t\t\t<ul>\n<li>Wir haben externe Umweltexperten beauftragt, uns bei der Einf\u00fchrung eines \u201eUmweltmanagementsystems\u201c f\u00fcr alle Hotels der Lindos Hotel Group zu unterst\u00fctzen.<\/li>\n<li>Wir haben in jedem Geb\u00e4ude ein eigenes Umweltteam berufen. Durch unser aktives Umweltteam stellen wir sicher, dass unsere Bem\u00fchungen kontinuierlich \u00fcberwacht, \u00fcberpr\u00fcft, aktualisiert und allen Mitarbeitern mitgeteilt werden.<\/li>\n<li>Wir stellen sicher, dass wir alle geltenden Umweltgesetze und -vorschriften einhalten.<\/li>\n<li>Wir messen und steuern unsere Umweltleistung monatlich im Hinblick auf unsere Ziele und Vorgaben und stellen sicher, dass wir unsere Fortschritte regelm\u00e4\u00dfig \u00fcberpr\u00fcfen und M\u00f6glichkeiten zur weiteren Verbesserung herausfinden.<\/li>\n<li>Wir schulen unsere Mitarbeiter in unseren Umweltprotokollen, damit sie ihre Rolle bei der Umsetzung unserer Ziele und Vorgaben vollst\u00e4ndig verstehen.<\/li>\n<\/ul>\n\n\t\t<\/div>\n\t<\/div>\n\t\t<\/div>\n\t<\/div>\n<\/div><\/div><\/div><\/div><\/div><\/div><\/div><\/div><div data-parallax-bg-image=\"https:\/\/www.lindos-imperial.gr\/wp-content\/uploads\/2022\/01\/sustainability1.jpg\" data-parallax-bg-speed=\"1\" class=\"vc_row wpb_row vc_row-fluid eltd-parallax-row-holder eltd-content-aligment-center\" ><div class=\"wpb_column vc_column_container vc_col-sm-12\"><div class=\"vc_column-inner\"><div class=\"wpb_wrapper\"><div class=\"eltd-elements-holder   eltd-one-column  eltd-responsive-mode-768\" ><div class=\"eltd-eh-item\"  data-item-class=\"eltd-eh-custom-8814\" data-680-768=\"29% 0 29% 0\" data-680=\"30% 0 30% 0\">\n\t<div class=\"eltd-eh-item-inner\">\n\t\t<div class=\"eltd-eh-item-content eltd-eh-custom-8814\" style=\"padding: 18.2% 0 18.2% 0\">\n\t\t\t\t\t<\/div>\n\t<\/div>\n<\/div><\/div><\/div><\/div><\/div><\/div><div class=\"eltd-row-grid-section-wrapper\"  ><div class=\"eltd-row-grid-section\"><div class=\"vc_row wpb_row vc_row-fluid vc_custom_1640248028576\" ><div class=\"wpb_column vc_column_container vc_col-sm-12\"><div class=\"vc_column-inner\"><div class=\"wpb_wrapper\"><div class=\"eltd-elements-holder   eltd-one-column  eltd-responsive-mode-768\" ><div class=\"eltd-eh-item\"  data-item-class=\"eltd-eh-custom-8799\" data-768-1024=\"0 14% 0 0\">\n\t<div class=\"eltd-eh-item-inner\">\n\t\t<div class=\"eltd-eh-item-content eltd-eh-custom-8799\" style=\"padding: 0 0 0 0\">\n\t\t\t\n\t<div class=\"wpb_text_column wpb_content_element\" >\n\t\t<div class=\"wpb_wrapper\">\n\t\t\t<h3>Wir haben die folgenden nachhaltigen Praktiken eingef\u00fchrt:<\/h3>\n\n\t\t<\/div>\n\t<\/div>\n\t\t<\/div>\n\t<\/div>\n<\/div><\/div><div class=\"eltd-elements-holder   eltd-one-column  eltd-responsive-mode-768\" ><div class=\"eltd-eh-item\"  data-item-class=\"eltd-eh-custom-9778\" data-1024-1280=\"20px 30px 0 0px\">\n\t<div class=\"eltd-eh-item-inner\">\n\t\t<div class=\"eltd-eh-item-content eltd-eh-custom-9778\" style=\"padding: 31px 0 0 0\">\n\t\t\t\n\t<div class=\"wpb_text_column wpb_content_element\" >\n\t\t<div class=\"wpb_wrapper\">\n\t\t\t<ul>\n<li><strong>Wasserressourcenmanagement<\/strong><br \/>\nWir sind bestrebt, unseren Wasserverbrauch zu reduzieren, indem wir in unseren Betrieben wassersparende Ger\u00e4te installieren und unsere Mitarbeiter \u00fcber Wassereinsparungen aufkl\u00e4ren. In unserem gesamten Betrieb setzen wir ein nachhaltiges Management unseres Frischwasserverbrauchs um, um unsere Auswirkungen und unseren Wasserverbrauch zu minimieren.<\/li>\n<li><strong>Effizientes Energiemanagement<\/strong><br \/>\nWir sind bestrebt, unsere Hotels mit maximaler Energieeffizienz zu betreiben, ohne die Qualit\u00e4t unserer Dienstleistungen zu beeintr\u00e4chtigen. Wir haben Energiesparstrategien umgesetzt, indem wir die Betriebseffizienz von Anlagen, Ger\u00e4ten und Modernisierungssystemen optimiert haben.<\/li>\n<li><strong>Abfallmanagement &amp; Recycling<\/strong><br \/>\nWir betonen die Bedeutung nachhaltiger Abfallwirtschaftspraktiken und deren Auswirkungen auf die zuk\u00fcnftige Wirtschaft und Umwelt von Rhodos. Unsere Hotelgruppe hat ein umfangreiches Recyclingprogramm mit hohem Mitarbeiterengagement eingef\u00fchrt, um die Abfallentsorgung deutlich zu reduzieren, wiederzuverwenden und zu recyceln.<\/li>\n<li><strong>Personalrichtlinien &amp; -verfahren<\/strong><br \/>\nBei Lindos Hotels setzen wir uns daf\u00fcr ein, unseren Mitarbeitern ein positives, sicheres und integratives Arbeitsumfeld zu bieten und so ihre pers\u00f6nliche, wirtschaftliche und berufliche Entwicklung zu f\u00f6rdern. Lindos Hotels hat ein starkes grundlegendes Bekenntnis zu harter Arbeit, fairen Gesch\u00e4ftspraktiken und Respekt.<\/li>\n<li><strong>Soziale Verantwortung<\/strong><br \/>\nLindos Hotels tr\u00e4gt eine soziale Verantwortung gegen\u00fcber der Gemeinschaft von Rhodos. Daher haben wir eine offene Kommunikationspolitik mit lokalen Unternehmen etabliert, um eine nachhaltige und f\u00fcr beide Seiten gewinnbringende Beziehung zu f\u00f6rdern. Bei Lindos Hotels sind wir bestrebt, die starken Traditionen und Werte unserer lokalen Gemeinschaft zu unterst\u00fctzen und zu bewahren und zur Entwicklung lokaler Unternehmen beizutragen.<\/li>\n<li><strong>Qualit\u00e4tsrichtlinie<\/strong><br \/>\nWir sind bestrebt, unsere Gastfreundschaftsleistungen zu verbessern, um die Erwartungen unserer Kunden auf h\u00f6chstem Niveau zu erf\u00fcllen. Gemeinsam mit unseren Mitarbeitern m\u00f6chten wir das Urlaubserlebnis verbessern und einen Unterschied schaffen, w\u00e4hrend wir gleichzeitig die kulturelle und nat\u00fcrliche Umgebung des lokalen Reiseziels voll respektieren.<\/li>\n<\/ul>\n<p>Unser Engagement f\u00fcr verantwortungsvolle und nachhaltige Gesch\u00e4ftspraktiken kommt der Umwelt und den Gemeinden, in denen sich unsere Hotels befinden, zugute und tr\u00e4gt zu unserem langfristigen Erfolg bei. Die Lindos Hotel Group ist bestrebt, die Auswirkungen unserer Aktivit\u00e4ten auf die Umweltressourcen durch den Einsatz effizienter hochmoderner Technologien und innovativer Managementpraktiken zu minimieren. Wir glauben, dass Nachhaltigkeit neben den Grundwerten unserer Gruppe in all unseren T\u00e4tigkeiten integriert werden muss. Daher sind wir entschlossen, weiterhin an der Reduzierung aller m\u00f6glichen negativen Umweltauswirkungen zu arbeiten, die durch unseren Betrieb verursacht werden k\u00f6nnen.<\/p>\n\n\t\t<\/div>\n\t<\/div>\n<div class=\"vc_empty_space\"   style=\"height: 50px\"><span class=\"vc_empty_space_inner\"><\/span><\/div><a itemprop=\"url\" href=\"https:\/\/www.lindos-imperial.gr\/wp-content\/uploads\/2023\/04\/Sustainability-Report-2022-Lindos-Imperial.pdf\" target=\"_blank\"  class=\"eltd-btn eltd-btn-medium eltd-btn-outline eltd-btn-line-left\"  >\n    <span class=\"eltd-btn-text\">Hier finden Sie unseren neuesten Nachhaltigkeitsbericht<\/span>\n\n    \n    <\/a>\t\t<\/div>\n\t<\/div>\n<\/div><\/div><\/div><\/div><\/div><\/div><\/div><\/div><div class=\"eltd-row-grid-section-wrapper\"  ><div class=\"eltd-row-grid-section\"><div class=\"vc_row wpb_row vc_row-fluid vc_custom_1640261654175\" ><div class=\"wpb_column vc_column_container vc_col-sm-12\"><div class=\"vc_column-inner\"><div class=\"wpb_wrapper\"><div class=\"eltd-elements-holder   eltd-one-column  eltd-responsive-mode-768\" ><div class=\"eltd-eh-item\"  data-item-class=\"eltd-eh-custom-4402\">\n\t<div class=\"eltd-eh-item-inner\">\n\t\t<div class=\"eltd-eh-item-content eltd-eh-custom-4402\" style=\"padding: 0 0 0 0\">\n\t\t\t\n\t<div class=\"wpb_text_column wpb_content_element\" >\n\t\t<div class=\"wpb_wrapper\">\n\t\t\t<h3>Unsere Politiken &amp; Richtlinien sind<\/h3>\n\n\t\t<\/div>\n\t<\/div>\n\t\t<\/div>\n\t<\/div>\n<\/div><\/div><\/div><\/div><\/div><\/div><\/div><\/div><div class=\"eltd-row-grid-section-wrapper\"  ><div class=\"eltd-row-grid-section\"><div class=\"vc_row wpb_row vc_row-fluid vc_custom_1640264611368\" ><div class=\"wpb_column vc_column_container vc_col-sm-6\"><div class=\"vc_column-inner\"><div class=\"wpb_wrapper\"><div class=\"eltd-elements-holder   eltd-one-column  eltd-responsive-mode-768\" ><div class=\"eltd-eh-item\"  data-item-class=\"eltd-eh-custom-8069\">\n\t<div class=\"eltd-eh-item-inner\">\n\t\t<div class=\"eltd-eh-item-content eltd-eh-custom-8069\" >\n\t\t\t<a itemprop=\"url\" href=\"\/wp-content\/uploads\/2021\/12\/sustainable-managment-policy.pdf\" target=\"_blank\"  class=\"eltd-btn eltd-btn-medium eltd-btn-outline eltd-btn-line-left\"  >\n    <span class=\"eltd-btn-text\">Nachhaltige Bewirtschaftung<\/span>\n\n    \n    <\/a><div class=\"vc_empty_space\"   style=\"height: 20px\"><span class=\"vc_empty_space_inner\"><\/span><\/div><a itemprop=\"url\" href=\"\/wp-content\/uploads\/2021\/12\/quality-policy.pdf\" target=\"_blank\"  class=\"eltd-btn eltd-btn-medium eltd-btn-outline eltd-btn-line-left\"  >\n    <span class=\"eltd-btn-text\">Qualit\u00e4tspolitik<\/span>\n\n    \n    <\/a><div class=\"vc_empty_space\"   style=\"height: 20px\"><span class=\"vc_empty_space_inner\"><\/span><\/div><a itemprop=\"url\" href=\"\/wp-content\/uploads\/2021\/12\/food-safety-policy.pdf\" target=\"_blank\"  class=\"eltd-btn eltd-btn-medium eltd-btn-outline eltd-btn-line-left\"  >\n    <span class=\"eltd-btn-text\">Lebensmittelsicherheitspolitik<\/span>\n\n    \n    <\/a><div class=\"vc_empty_space\"   style=\"height: 20px\"><span class=\"vc_empty_space_inner\"><\/span><\/div><a itemprop=\"url\" href=\"\/wp-content\/uploads\/2021\/12\/enviromental-policy.pdf\" target=\"_blank\"  class=\"eltd-btn eltd-btn-medium eltd-btn-outline eltd-btn-line-left\"  >\n    <span class=\"eltd-btn-text\">Umweltpolitik<\/span>\n\n    \n    <\/a><div class=\"vc_empty_space\"   style=\"height: 20px\"><span class=\"vc_empty_space_inner\"><\/span><\/div><a itemprop=\"url\" href=\"https:\/\/www.lindos-imperial.gr\/wp-content\/uploads\/2025\/11\/Rapport-de-developpement-durable-2025-LI.pptx\" target=\"_blank\"  class=\"eltd-btn eltd-btn-medium eltd-btn-outline eltd-btn-line-left\"  >\n    <span class=\"eltd-btn-text\">Rapport annuel sur le d\u00e9veloppement durable 2025<\/span>\n\n    \n    <\/a><div class=\"vc_empty_space\"   style=\"height: 20px\"><span class=\"vc_empty_space_inner\"><\/span><\/div>\t\t<\/div>\n\t<\/div>\n<\/div><\/div><\/div><\/div><\/div><div class=\"wpb_column vc_column_container vc_col-sm-6\"><div class=\"vc_column-inner\"><div class=\"wpb_wrapper\"><div class=\"eltd-elements-holder   eltd-one-column  eltd-responsive-mode-768\" ><div class=\"eltd-eh-item\"  data-item-class=\"eltd-eh-custom-2161\">\n\t<div class=\"eltd-eh-item-inner\">\n\t\t<div class=\"eltd-eh-item-content eltd-eh-custom-2161\" >\n\t\t\t<a itemprop=\"url\" href=\"\/wp-content\/uploads\/2021\/12\/health-and-safety-policy.pdf\" target=\"_blank\"  class=\"eltd-btn eltd-btn-medium eltd-btn-outline eltd-btn-line-left\"  >\n    <span class=\"eltd-btn-text\">Gesundheits- und Sicherheitsrichtlinie<\/span>\n\n    \n    <\/a><div class=\"vc_empty_space\"   style=\"height: 20px\"><span class=\"vc_empty_space_inner\"><\/span><\/div><a itemprop=\"url\" href=\"\/wp-content\/uploads\/2021\/12\/local-community-policy.pdf\" target=\"_blank\"  class=\"eltd-btn eltd-btn-medium eltd-btn-outline eltd-btn-line-left\"  >\n    <span class=\"eltd-btn-text\">Gemeinschaftspolitik<\/span>\n\n    \n    <\/a><div class=\"vc_empty_space\"   style=\"height: 20px\"><span class=\"vc_empty_space_inner\"><\/span><\/div><a itemprop=\"url\" href=\"\/wp-content\/uploads\/2021\/12\/human-rights-policy.pdf\" target=\"_blank\"  class=\"eltd-btn eltd-btn-medium eltd-btn-outline eltd-btn-line-left\"  >\n    <span class=\"eltd-btn-text\">Menschenrechtspolitik<\/span>\n\n    \n    <\/a><div class=\"vc_empty_space\"   style=\"height: 20px\"><span class=\"vc_empty_space_inner\"><\/span><\/div><a itemprop=\"url\" href=\"https:\/\/www.lindos-imperial.gr\/wp-content\/uploads\/2025\/11\/Sustainability-Report-2025-Lindos-Imperial.pptx\" target=\"_blank\"  class=\"eltd-btn eltd-btn-medium eltd-btn-outline eltd-btn-line-left\"  >\n    <span class=\"eltd-btn-text\">Annual Sustainability Report 2025<\/span>\n\n    \n    <\/a><div class=\"vc_empty_space\"   style=\"height: 20px\"><span class=\"vc_empty_space_inner\"><\/span><\/div><a itemprop=\"url\" href=\"https:\/\/www.lindos-imperial.gr\/wp-content\/uploads\/2025\/11\/Nachhaltigkeitsbericht-2025-Lindos-Imperial.pptx\" target=\"_blank\"  class=\"eltd-btn eltd-btn-medium eltd-btn-outline eltd-btn-line-left\"  >\n    <span class=\"eltd-btn-text\">J\u00e4hrlicher Nachhaltigkeitsbericht 2025<\/span>\n\n    \n    <\/a><div class=\"vc_empty_space\"   style=\"height: 20px\"><span class=\"vc_empty_space_inner\"><\/span><\/div>\t\t<\/div>\n\t<\/div>\n<\/div><\/div><\/div><\/div><\/div><\/div><\/div><\/div>\n<\/div>","protected":false},"excerpt":{"rendered":"Sustainability Statement The Lindos Hotel Group is conscious and aware of the impact of our hotel operations on the [...]","protected":false},"author":1,"featured_media":0,"parent":0,"menu_order":0,"comment_status":"closed","ping_status":"closed","template":"full-width.php","meta":{"inline_featured_image":false,"footnotes":""},"class_list":["post-5599","page","type-page","status-publish","hentry"],"_links":{"self":[{"href":"https:\/\/www.lindos-imperial.gr\/de\/wp-json\/wp\/v2\/pages\/5599","targetHints":{"allow":["GET"]}}],"collection":[{"href":"https:\/\/www.lindos-imperial.gr\/de\/wp-json\/wp\/v2\/pages"}],"about":[{"href":"https:\/\/www.lindos-imperial.gr\/de\/wp-json\/wp\/v2\/types\/page"}],"author":[{"embeddable":true,"href":"https:\/\/www.lindos-imperial.gr\/de\/wp-json\/wp\/v2\/users\/1"}],"replies":[{"embeddable":true,"href":"https:\/\/www.lindos-imperial.gr\/de\/wp-json\/wp\/v2\/comments?post=5599"}],"version-history":[{"count":37,"href":"https:\/\/www.lindos-imperial.gr\/de\/wp-json\/wp\/v2\/pages\/5599\/revisions"}],"predecessor-version":[{"id":8438,"href":"https:\/\/www.lindos-imperial.gr\/de\/wp-json\/wp\/v2\/pages\/5599\/revisions\/8438"}],"wp:attachment":[{"href":"https:\/\/www.lindos-imperial.gr\/de\/wp-json\/wp\/v2\/media?parent=5599"}],"curies":[{"name":"wp","href":"https:\/\/api.w.org\/{rel}","templated":true}]}}