{"id":7323,"date":"2022-04-13T15:02:47","date_gmt":"2022-04-13T15:02:47","guid":{"rendered":"https:\/\/www.lindos-imperial.gr\/?page_id=7323"},"modified":"2025-11-21T13:17:03","modified_gmt":"2025-11-21T13:17:03","slug":"experiences","status":"publish","type":"page","link":"https:\/\/www.lindos-imperial.gr\/de\/experiences\/","title":{"rendered":"Erfahrungen"},"content":{"rendered":"<div class=\"wpb-content-wrapper\"><div class=\"eltd-row-grid-section-wrapper\"  ><div class=\"eltd-row-grid-section\"><div class=\"vc_row wpb_row vc_row-fluid vc_custom_1511955592787\" ><div class=\"wpb_column vc_column_container vc_col-sm-4\"><div class=\"vc_column-inner\"><div class=\"wpb_wrapper\"><div class=\"eltd-elements-holder   eltd-one-column  eltd-responsive-mode-768\" ><div class=\"eltd-eh-item\"  data-item-class=\"eltd-eh-custom-6689\" data-768-1024=\"0 14% 0 0\">\n\t<div class=\"eltd-eh-item-inner\">\n\t\t<div class=\"eltd-eh-item-content eltd-eh-custom-6689\" style=\"padding: 0 0 0 0\">\n\t\t\t\n\t<div class=\"wpb_text_column wpb_content_element\" >\n\t\t<div class=\"wpb_wrapper\">\n\t\t\t<h3>Lernen Sie in diesem Sommer eine neue F\u00e4higkeit in Lindos Hotels und erleben Sie die lokale Kultur<\/h3>\n\n\t\t<\/div>\n\t<\/div>\n\t\t<\/div>\n\t<\/div>\n<\/div><\/div><\/div><\/div><\/div><div class=\"wpb_column vc_column_container vc_col-sm-8\"><div class=\"vc_column-inner\"><div class=\"wpb_wrapper\"><div class=\"eltd-elements-holder   eltd-one-column  eltd-responsive-mode-768\" ><div class=\"eltd-eh-item\"  data-item-class=\"eltd-eh-custom-4495\" data-1024-1280=\"20px 30px 0 0px\">\n\t<div class=\"eltd-eh-item-inner\">\n\t\t<div class=\"eltd-eh-item-content eltd-eh-custom-4495\" style=\"padding: 31px 0 0 0\">\n\t\t\t\n\t<div class=\"wpb_text_column wpb_content_element\" >\n\t\t<div class=\"wpb_wrapper\">\n\t\t\t<p>In diesem Sommer bietet Lindos Hotel seinen G\u00e4sten die M\u00f6glichkeit, in die lokale Kultur einzutauchen und nicht nur mit einem befriedigenden Gef\u00fchl der Entspannung, sondern auch mit einer traditionellen griechischen Fertigkeit nach Hause zur\u00fcckzukehren \u2013 was Freunde und Familie sicherlich beeindrucken wird! Neben den wundersch\u00f6nen Str\u00e4nden und dem blauen Himmel ist Rhodos auch f\u00fcr seine reiche Geschichte und lokale Kultur bekannt, und Lindos Hotels l\u00e4sst seine G\u00e4ste daran gerne teilhaben.<\/p>\n<p>Im Lindos Imperial Resort &amp; Spa k\u00f6nnen die G\u00e4ste an w\u00f6chentlichen Keramik- und Kochkursen teilnehmen, die von den besten Experten auf Rhodos abgehalten werden.<\/p>\n\n\t\t<\/div>\n\t<\/div>\n\t\t<\/div>\n\t<\/div>\n<\/div><\/div><\/div><\/div><\/div><\/div><\/div><\/div><div class=\"vc_row wpb_row vc_row-fluid res-row vc_custom_1649862417765 vc_row-has-fill\" ><div class=\"wpb_column vc_column_container vc_col-sm-12\"><div class=\"vc_column-inner\"><div class=\"wpb_wrapper\"><div class=\"eltd-elements-holder   eltd-two-columns  eltd-responsive-mode-1024\" ><div class=\"eltd-eh-item\"  data-item-class=\"eltd-eh-custom-1598\" data-1280-1600=\"0% 10% 32px 10%\" data-1024-1280=\"0px 7% 0px 7%\" data-768-1024=\"3% 10% 20px 0%\" data-680-768=\"3% 0% 0px 0%\" data-680=\"3% 0% 0px 0%\">\n\t<div class=\"eltd-eh-item-inner\">\n\t\t<div class=\"eltd-eh-item-content eltd-eh-custom-1598\" style=\"padding: 4% 10% 4% 10%\">\n\t\t\t<div class=\"eltd-section-title-holder eltd-separator-disabled\" >\n    <div class=\"eltd-section-title-inner\">\n                            <h3 class=\"eltd-st-title\" >\n                <span class=\"eltd-st-before\"><\/span>\n                <span>Keramikmalerei<\/span>\n            <\/h3>\n                            <\/div>\n<\/div><div class=\"vc_empty_space\"   style=\"height: 15px\"><span class=\"vc_empty_space_inner\"><\/span><\/div>\n\t<div class=\"wpb_text_column wpb_content_element\" >\n\t\t<div class=\"wpb_wrapper\">\n\t\t\t<p>F\u00fcr diesen Saison hat sich Lindos Hotels mit einem lokalen Keramikunternehmen zusammengetan, um w\u00f6chentlich traditionelle Keramikkurse anzubieten. In kleinen Gruppen von 15 Personen haben die G\u00e4ste die M\u00f6glichkeit, von erfahrenen Teammitgliedern alles \u00fcber Keramik zu lernen.<\/p>\n<p>Der erste Teil des Kurses konzentriert sich auf das Design und die Inspiration hinter der Herstellung einer Keramikfliese, bevor es dann um die Farbe geht. Die Profis zeigen den G\u00e4sten, welche Farben einander erg\u00e4nzen. Die handgefertigten Fliesen werden dann in einem speziellen Keramikofen gebrannt und den G\u00e4sten zur\u00fcckgegeben, damit sie sie mit nach Hause nehmen k\u00f6nnen \u2013 das perfekte Souvenir aus Rhodos.<\/p>\n<p><strong><em>* W\u00f6chentlich f\u00fcr Erwachsene und Kinder ab 8 Jahren verf\u00fcgbar. Gruppen von 15 Personen pro Kurs (gegen Aufpreis).<\/em><\/strong><\/p>\n\n\t\t<\/div>\n\t<\/div>\n<div class=\"vc_empty_space\"   style=\"height: 30px\"><span class=\"vc_empty_space_inner\"><\/span><\/div>\t\t<\/div>\n\t<\/div>\n<\/div><div class=\"eltd-eh-item   eltd-horizontal-alignment-center\"  data-item-class=\"eltd-eh-custom-6869\" data-680-768=\"0 0\" data-680=\"0 0\">\n\t<div class=\"eltd-eh-item-inner\">\n\t\t<div class=\"eltd-eh-item-content eltd-eh-custom-6869\" >\n\t\t\t<div class=\"eltd-image-gallery  eltd-ig-slider-type eltd-large-space\">\n\t<div class=\"eltd-ig-slider eltd-owl-slider\" data-number-of-items=\"1\" data-enable-loop=\"yes\" data-enable-autoplay=\"yes\" data-slider-speed=\"5000\" data-slider-speed-animation=\"600\" data-slider-padding=\"no\" data-enable-navigation=\"yes\" data-enable-custom-navigation=\"no\" data-enable-pagination=\"no\" data-slider-animate-out=\"fadeOut\">\n\t\t\t\t\t<div class=\"eltd-ig-image\">\n\t\t\t\t\t\t\t\t\t<img loading=\"lazy\" decoding=\"async\" width=\"1160\" height=\"980\" src=\"https:\/\/www.lindos-imperial.gr\/wp-content\/uploads\/2022\/04\/ceramic1.jpg\" class=\"attachment-full size-full\" alt=\"ceramic Lindos Imperial Resort &amp; Spa\" srcset=\"https:\/\/www.lindos-imperial.gr\/wp-content\/uploads\/2022\/04\/ceramic1.jpg 1160w, https:\/\/www.lindos-imperial.gr\/wp-content\/uploads\/2022\/04\/ceramic1-300x253.jpg 300w, https:\/\/www.lindos-imperial.gr\/wp-content\/uploads\/2022\/04\/ceramic1-1024x865.jpg 1024w, https:\/\/www.lindos-imperial.gr\/wp-content\/uploads\/2022\/04\/ceramic1-768x649.jpg 768w\" sizes=\"auto, (max-width: 1160px) 100vw, 1160px\" \/>\t\t\t\t\t\t\t<\/div>\n\t\t\t\t\t<div class=\"eltd-ig-image\">\n\t\t\t\t\t\t\t\t\t<img loading=\"lazy\" decoding=\"async\" width=\"1160\" height=\"980\" src=\"https:\/\/www.lindos-imperial.gr\/wp-content\/uploads\/2022\/04\/ceramic2.jpg\" class=\"attachment-full size-full\" alt=\"ceramic Lindos Imperial Resort &amp; Spa\" srcset=\"https:\/\/www.lindos-imperial.gr\/wp-content\/uploads\/2022\/04\/ceramic2.jpg 1160w, https:\/\/www.lindos-imperial.gr\/wp-content\/uploads\/2022\/04\/ceramic2-300x253.jpg 300w, https:\/\/www.lindos-imperial.gr\/wp-content\/uploads\/2022\/04\/ceramic2-1024x865.jpg 1024w, https:\/\/www.lindos-imperial.gr\/wp-content\/uploads\/2022\/04\/ceramic2-768x649.jpg 768w\" sizes=\"auto, (max-width: 1160px) 100vw, 1160px\" \/>\t\t\t\t\t\t\t<\/div>\n\t\t\t\t\t<div class=\"eltd-ig-image\">\n\t\t\t\t\t\t\t\t\t<img loading=\"lazy\" decoding=\"async\" width=\"1160\" height=\"980\" src=\"https:\/\/www.lindos-imperial.gr\/wp-content\/uploads\/2022\/04\/ceramic3.jpg\" class=\"attachment-full size-full\" alt=\"ceramic Lindos Imperial Resort &amp; Spa\" srcset=\"https:\/\/www.lindos-imperial.gr\/wp-content\/uploads\/2022\/04\/ceramic3.jpg 1160w, https:\/\/www.lindos-imperial.gr\/wp-content\/uploads\/2022\/04\/ceramic3-300x253.jpg 300w, https:\/\/www.lindos-imperial.gr\/wp-content\/uploads\/2022\/04\/ceramic3-1024x865.jpg 1024w, https:\/\/www.lindos-imperial.gr\/wp-content\/uploads\/2022\/04\/ceramic3-768x649.jpg 768w\" sizes=\"auto, (max-width: 1160px) 100vw, 1160px\" \/>\t\t\t\t\t\t\t<\/div>\n\t\t\t\t\t<div class=\"eltd-ig-image\">\n\t\t\t\t\t\t\t\t\t<img loading=\"lazy\" decoding=\"async\" width=\"1160\" height=\"980\" src=\"https:\/\/www.lindos-imperial.gr\/wp-content\/uploads\/2022\/04\/ceramic4.jpg\" class=\"attachment-full size-full\" alt=\"ceramic Lindos Imperial Resort &amp; Spa\" srcset=\"https:\/\/www.lindos-imperial.gr\/wp-content\/uploads\/2022\/04\/ceramic4.jpg 1160w, https:\/\/www.lindos-imperial.gr\/wp-content\/uploads\/2022\/04\/ceramic4-300x253.jpg 300w, https:\/\/www.lindos-imperial.gr\/wp-content\/uploads\/2022\/04\/ceramic4-1024x865.jpg 1024w, https:\/\/www.lindos-imperial.gr\/wp-content\/uploads\/2022\/04\/ceramic4-768x649.jpg 768w\" sizes=\"auto, (max-width: 1160px) 100vw, 1160px\" \/>\t\t\t\t\t\t\t<\/div>\n\t\t\t<\/div>\n<\/div>\t\t<\/div>\n\t<\/div>\n<\/div><\/div><\/div><\/div><\/div><\/div><div class=\"vc_row wpb_row vc_row-fluid vc_custom_1649862423619 vc_row-has-fill\" ><div class=\"wpb_column vc_column_container vc_col-sm-12\"><div class=\"vc_column-inner\"><div class=\"wpb_wrapper\"><div class=\"eltd-elements-holder   eltd-two-columns  eltd-responsive-mode-1024\" ><div class=\"eltd-eh-item   eltd-horizontal-alignment-center\"  data-item-class=\"eltd-eh-custom-9381\" data-680-768=\"0 0\" data-680=\"0 0\">\n\t<div class=\"eltd-eh-item-inner\">\n\t\t<div class=\"eltd-eh-item-content eltd-eh-custom-9381\" >\n\t\t\t<div class=\"eltd-image-gallery  eltd-ig-slider-type eltd-large-space\">\n\t<div class=\"eltd-ig-slider eltd-owl-slider\" data-number-of-items=\"1\" data-enable-loop=\"yes\" data-enable-autoplay=\"yes\" data-slider-speed=\"5000\" data-slider-speed-animation=\"600\" data-slider-padding=\"no\" data-enable-navigation=\"yes\" data-enable-custom-navigation=\"no\" data-enable-pagination=\"no\" data-slider-animate-out=\"fadeOut\">\n\t\t\t\t\t<div class=\"eltd-ig-image\">\n\t\t\t\t\t\t\t\t\t<img loading=\"lazy\" decoding=\"async\" width=\"1160\" height=\"980\" src=\"https:\/\/www.lindos-imperial.gr\/wp-content\/uploads\/2022\/04\/cooking.jpg\" class=\"attachment-full size-full\" alt=\"cooking Lindos Imperial Resort &amp; Spa\" srcset=\"https:\/\/www.lindos-imperial.gr\/wp-content\/uploads\/2022\/04\/cooking.jpg 1160w, https:\/\/www.lindos-imperial.gr\/wp-content\/uploads\/2022\/04\/cooking-300x253.jpg 300w, https:\/\/www.lindos-imperial.gr\/wp-content\/uploads\/2022\/04\/cooking-1024x865.jpg 1024w, https:\/\/www.lindos-imperial.gr\/wp-content\/uploads\/2022\/04\/cooking-768x649.jpg 768w\" sizes=\"auto, (max-width: 1160px) 100vw, 1160px\" \/>\t\t\t\t\t\t\t<\/div>\n\t\t\t<\/div>\n<\/div>\t\t<\/div>\n\t<\/div>\n<\/div><div class=\"eltd-eh-item\"  data-item-class=\"eltd-eh-custom-2031\" data-1280-1600=\"0% 10% 32px 10%\" data-1024-1280=\"0px 7% 0px 7%\" data-768-1024=\"3% 10% 20px 0%\" data-680-768=\"3% 0% 0px 0%\" data-680=\"3% 0% 0px 0%\">\n\t<div class=\"eltd-eh-item-inner\">\n\t\t<div class=\"eltd-eh-item-content eltd-eh-custom-2031\" style=\"padding: 4% 10% 4% 10%\">\n\t\t\t<div class=\"eltd-section-title-holder eltd-separator-disabled\" >\n    <div class=\"eltd-section-title-inner\">\n                            <h3 class=\"eltd-st-title\" >\n                <span class=\"eltd-st-before\"><\/span>\n                <span>Kochen auf rhodische Art<\/span>\n            <\/h3>\n                            <\/div>\n<\/div><div class=\"vc_empty_space\"   style=\"height: 15px\"><span class=\"vc_empty_space_inner\"><\/span><\/div>\n\t<div class=\"wpb_text_column wpb_content_element\" >\n\t\t<div class=\"wpb_wrapper\">\n\t\t\t<p class=\"\" data-start=\"0\" data-end=\"267\">Urlaub kann gerne eine Gelegenheit sein, eine neue F\u00e4higkeit zu verfeinern oder zu erlernen, und jetzt k\u00f6nnen Sie bei uns Ihre k\u00f6stlichste F\u00e4higkeit verbessern: Kochen! Lindos Hotels arbeitet mit Restaurants Yiayia (was auf Griechisch Gro\u00dfmutter bedeutet) und ihren hauseigenen K\u00f6chen zusammen, um Kochkurse f\u00fcr traditionelle griechische Gerichte anzubieten.<\/p>\n<p class=\"\" data-start=\"269\" data-end=\"486\">Hier lernen Sie, das Rhodos ber\u00fchmtestes lokales Dessert \u201eMelekouni\u201c zuzubereiten. Es geht um ein traditioneller s\u00fc\u00dfer Riegel aus Honig und Sesamk\u00f6rnern, ein Leckerbissen, der s\u00fc\u00dfe Urlaubserinnerungen erwecken wird, wann immer Sie ihn zu Hause zubereiten.<\/p>\n<p data-start=\"269\" data-end=\"486\"><strong><em>* W\u00f6chentlich nur f\u00fcr Erwachsene verf\u00fcgbar. Gruppen von 20 Personen pro Kurs (kostenlos).<\/em><\/strong><\/p>\n\n\t\t<\/div>\n\t<\/div>\n<div class=\"vc_empty_space\"   style=\"height: 25px\"><span class=\"vc_empty_space_inner\"><\/span><\/div>\t\t<\/div>\n\t<\/div>\n<\/div><\/div><\/div><\/div><\/div><\/div><div class=\"vc_row wpb_row vc_row-fluid vc_custom_1649862423619 vc_row-has-fill\" ><div class=\"wpb_column vc_column_container vc_col-sm-12\"><div class=\"vc_column-inner\"><div class=\"wpb_wrapper\"><div class=\"eltd-elements-holder   eltd-two-columns  eltd-responsive-mode-1024\" ><div class=\"eltd-eh-item\"  data-item-class=\"eltd-eh-custom-3718\" data-1280-1600=\"0% 10% 32px 10%\" data-1024-1280=\"0px 7% 0px 7%\" data-768-1024=\"3% 10% 20px 0%\" data-680-768=\"3% 0% 0px 0%\" data-680=\"3% 0% 0px 0%\">\n\t<div class=\"eltd-eh-item-inner\">\n\t\t<div class=\"eltd-eh-item-content eltd-eh-custom-3718\" style=\"padding: 4% 10% 4% 10%\">\n\t\t\t<div class=\"eltd-section-title-holder eltd-separator-disabled\" >\n    <div class=\"eltd-section-title-inner\">\n                            <h3 class=\"eltd-st-title\" >\n                <span class=\"eltd-st-before\"><\/span>\n                <span>Astronomie-Kurse unter den Sternen<\/span>\n            <\/h3>\n                            <\/div>\n<\/div><div class=\"vc_empty_space\"   style=\"height: 15px\"><span class=\"vc_empty_space_inner\"><\/span><\/div>\n\t<div class=\"wpb_text_column wpb_content_element\" >\n\t\t<div class=\"wpb_wrapper\">\n\t\t\t<p class=\"\" data-start=\"0\" data-end=\"267\">Unsere G\u00e4ste sind eingeladen, den Nachthimmel bei w\u00f6chentlichen Astronomie-Kursen im Bereich des Aktivit\u00e4tspools zu erkunden. Unter der Leitung leidenschaftlicher Astronomie-Enthusiasten bietet dieses faszinierende Erlebnis einen genaueren Blick auf Sternbilder, Planeten und Himmelsph\u00e4nomene durch hochwertige Teleskope \u2013 alles unter dem klaren Himmel von Rhodos. Ob neugieriger Anf\u00e4nger oder begeisterter Sterngucker, dies ist die perfekte Gelegenheit, zu entspannen und sich mit dem Universum zu verbinden.<\/p>\n<p><em>* Einmal pro Woche f\u00fcr alle G\u00e4ste verf\u00fcgbar, kostenlos. Keine Reservierung erforderlich.<\/em><\/p>\n\n\t\t<\/div>\n\t<\/div>\n<div class=\"vc_empty_space\"   style=\"height: 25px\"><span class=\"vc_empty_space_inner\"><\/span><\/div>\t\t<\/div>\n\t<\/div>\n<\/div><div class=\"eltd-eh-item   eltd-horizontal-alignment-center\"  data-item-class=\"eltd-eh-custom-1989\" data-680-768=\"0 0\" data-680=\"0 0\">\n\t<div class=\"eltd-eh-item-inner\">\n\t\t<div class=\"eltd-eh-item-content eltd-eh-custom-1989\" >\n\t\t\t<div class=\"eltd-image-gallery  eltd-ig-slider-type eltd-large-space\">\n\t<div class=\"eltd-ig-slider eltd-owl-slider\" data-number-of-items=\"1\" data-enable-loop=\"yes\" data-enable-autoplay=\"yes\" data-slider-speed=\"5000\" data-slider-speed-animation=\"600\" data-slider-padding=\"no\" data-enable-navigation=\"yes\" data-enable-custom-navigation=\"no\" data-enable-pagination=\"no\" data-slider-animate-out=\"fadeOut\">\n\t\t\t\t\t<div class=\"eltd-ig-image\">\n\t\t\t\t\t\t\t\t\t<img loading=\"lazy\" decoding=\"async\" width=\"1060\" height=\"900\" src=\"https:\/\/www.lindos-imperial.gr\/wp-content\/uploads\/2025\/11\/Black-Friday-web.jpg\" class=\"attachment-full size-full\" alt=\"\" srcset=\"https:\/\/www.lindos-imperial.gr\/wp-content\/uploads\/2025\/11\/Black-Friday-web.jpg 1060w, https:\/\/www.lindos-imperial.gr\/wp-content\/uploads\/2025\/11\/Black-Friday-web-300x255.jpg 300w, https:\/\/www.lindos-imperial.gr\/wp-content\/uploads\/2025\/11\/Black-Friday-web-1024x869.jpg 1024w, https:\/\/www.lindos-imperial.gr\/wp-content\/uploads\/2025\/11\/Black-Friday-web-768x652.jpg 768w, https:\/\/www.lindos-imperial.gr\/wp-content\/uploads\/2025\/11\/Black-Friday-web-14x12.jpg 14w\" sizes=\"auto, (max-width: 1060px) 100vw, 1060px\" \/>\t\t\t\t\t\t\t<\/div>\n\t\t\t<\/div>\n<\/div>\t\t<\/div>\n\t<\/div>\n<\/div><\/div><\/div><\/div><\/div><\/div>\n<\/div>","protected":false},"excerpt":{"rendered":"Learn a new skill and experience local culture with Lindos Hotels this Summer This summer Lindos Hotels is offering [...]","protected":false},"author":1,"featured_media":0,"parent":0,"menu_order":0,"comment_status":"closed","ping_status":"closed","template":"full-width.php","meta":{"inline_featured_image":false,"footnotes":""},"class_list":["post-7323","page","type-page","status-publish","hentry"],"_links":{"self":[{"href":"https:\/\/www.lindos-imperial.gr\/de\/wp-json\/wp\/v2\/pages\/7323","targetHints":{"allow":["GET"]}}],"collection":[{"href":"https:\/\/www.lindos-imperial.gr\/de\/wp-json\/wp\/v2\/pages"}],"about":[{"href":"https:\/\/www.lindos-imperial.gr\/de\/wp-json\/wp\/v2\/types\/page"}],"author":[{"embeddable":true,"href":"https:\/\/www.lindos-imperial.gr\/de\/wp-json\/wp\/v2\/users\/1"}],"replies":[{"embeddable":true,"href":"https:\/\/www.lindos-imperial.gr\/de\/wp-json\/wp\/v2\/comments?post=7323"}],"version-history":[{"count":28,"href":"https:\/\/www.lindos-imperial.gr\/de\/wp-json\/wp\/v2\/pages\/7323\/revisions"}],"predecessor-version":[{"id":8427,"href":"https:\/\/www.lindos-imperial.gr\/de\/wp-json\/wp\/v2\/pages\/7323\/revisions\/8427"}],"wp:attachment":[{"href":"https:\/\/www.lindos-imperial.gr\/de\/wp-json\/wp\/v2\/media?parent=7323"}],"curies":[{"name":"wp","href":"https:\/\/api.w.org\/{rel}","templated":true}]}}