{"id":7732,"date":"2023-08-11T13:14:06","date_gmt":"2023-08-11T13:14:06","guid":{"rendered":"https:\/\/www.lindos-imperial.gr\/?page_id=7732"},"modified":"2023-09-08T10:28:58","modified_gmt":"2023-09-08T10:28:58","slug":"forest-ambassador-privacy-notice","status":"publish","type":"page","link":"https:\/\/www.lindos-imperial.gr\/de\/forest-ambassador-privacy-notice\/","title":{"rendered":"Forest Ambassador Privacy Notice"},"content":{"rendered":"<div class=\"wpb-content-wrapper\"><div class=\"eltd-row-grid-section-wrapper\"  ><div class=\"eltd-row-grid-section\"><div class=\"vc_row wpb_row vc_row-fluid vc_custom_1641542358158\" ><div class=\"wpb_column vc_column_container vc_col-sm-12\"><div class=\"vc_column-inner\"><div class=\"wpb_wrapper\"><div class=\"eltd-elements-holder   eltd-one-column  eltd-responsive-mode-768\" ><div class=\"eltd-eh-item\"  data-item-class=\"eltd-eh-custom-5937\" data-768-1024=\"0 14% 0 0\">\n\t<div class=\"eltd-eh-item-inner\">\n\t\t<div class=\"eltd-eh-item-content eltd-eh-custom-5937\" style=\"padding: 0 0 0 0\">\n\t\t\t\n\t<div class=\"wpb_text_column wpb_content_element\" >\n\t\t<div class=\"wpb_wrapper\">\n\t\t\t<h3>Privacy Notice for Personal Data Protection in the framework of the Forest Ambassador action<\/h3>\n\n\t\t<\/div>\n\t<\/div>\n\t\t<\/div>\n\t<\/div>\n<\/div><\/div><div class=\"eltd-elements-holder   eltd-one-column  eltd-responsive-mode-768\" ><div class=\"eltd-eh-item\"  data-item-class=\"eltd-eh-custom-2570\" data-1024-1280=\"20px 30px 0 0px\">\n\t<div class=\"eltd-eh-item-inner\">\n\t\t<div class=\"eltd-eh-item-content eltd-eh-custom-2570\" style=\"padding: 31px 0 0 0\">\n\t\t\t\n\t<div class=\"wpb_text_column wpb_content_element\" >\n\t\t<div class=\"wpb_wrapper\">\n\t\t\t<p>11.08.2023<\/p>\n\n\t\t<\/div>\n\t<\/div>\n\t\t<\/div>\n\t<\/div>\n<\/div><\/div><div class=\"eltd-elements-holder   eltd-one-column  eltd-responsive-mode-768\" ><div class=\"eltd-eh-item\"  data-item-class=\"eltd-eh-custom-7160\" data-1024-1280=\"20px 30px 0 0px\">\n\t<div class=\"eltd-eh-item-inner\">\n\t\t<div class=\"eltd-eh-item-content eltd-eh-custom-7160\" style=\"padding: 31px 0 0 0\">\n\t\t\t\n\t<div class=\"wpb_text_column wpb_content_element\" >\n\t\t<div class=\"wpb_wrapper\">\n\t\t\t<h4>Einf\u00fchrung<\/h4>\n<p>This notice applies to the protection of your personal data (hereinafter referred to as &#8220;Personal Data in the framework of the Forest Ambassador action in which the company IOANNIS MINETTOS SA (hereinafter referred to as &#8220;Company&#8221; or &#8220;we&#8221;) participates.<\/p>\n<p>As a donator you are entitled to the protection of your Personal Data. The Company respects your privacy and your personal data and always complies with the Personal Data Protection Legislation. The hotel also undertakes to act transparently as to how to collect and use the data in the course of fulfilling its obligations.<\/p>\n<p>Der Begriff \u201eGesetzgebung \u00fcber den Schutz personenbezogener Daten\u201c (im Folgenden \u201eGesetzgebung\u201c) bezeichnet alle griechischen oder europ\u00e4ischen Gesetze, Verordnungen, Richtlinien usw., die sich mit der Verarbeitung, dem Schutz und der Sicherheit personenbezogener Daten befassen.<\/p>\n<p>Basic, but not exclusive, laws are the General Data Protection Regulation (GDPR), the e-Privacy Directive for the protection of privacy in electronic communications, and any other Opinions or Guidelines issued by the Hellenic Data Protection Authority or the European Data protection Board.<\/p>\n<p>Es ist wichtig, dass Sie diese Richtlinie sorgf\u00e4ltig lesen und aufbewahren. Darin wird ausdr\u00fccklich erkl\u00e4rt, wie und warum wir Ihre personenbezogenen Daten erfassen, wie wir sie nutzen, wie lange wir sie aufbewahren, mit wem wir sie teilen, wie wir sie sch\u00fctzen und welche M\u00f6glichkeiten Sie haben. Auf diese Weise sind Sie sich immer der Art und Weise und der Gr\u00fcnde der Datenverwendung bewusst, sowie Ihrer Rechte gem\u00e4\u00df der Gesetzgebung.<\/p>\n<p>You can view this Privacy Notice in digital form at the following address.<br \/>\nhttps:\/\/www.lindos-imperial.gr\/forest-ambassador-privacy-notice<\/p>\n\n\t\t<\/div>\n\t<\/div>\n\t\t<\/div>\n\t<\/div>\n<\/div><\/div><div class=\"eltd-elements-holder   eltd-one-column  eltd-responsive-mode-768\" ><div class=\"eltd-eh-item\"  data-item-class=\"eltd-eh-custom-3646\" data-1024-1280=\"20px 30px 0 0px\">\n\t<div class=\"eltd-eh-item-inner\">\n\t\t<div class=\"eltd-eh-item-content eltd-eh-custom-3646\" style=\"padding: 31px 0 0 0\">\n\t\t\t\n\t<div class=\"wpb_text_column wpb_content_element\" >\n\t\t<div class=\"wpb_wrapper\">\n\t\t\t<h4>Der Datenverantwortliche<\/h4>\n<p>The Company in accordance with the General Data Protection Regulation acts as &#8220;Data Controller&#8221;. This means that the Company is responsible for deciding on the ways and purposes for which it collects and uses (processes) your personal data.<\/p>\n<p>Unsere Kontaktdaten sind:<\/p>\n<p><strong>Ioannis Minettos SA<\/strong><\/p>\n<p>Lindos Imperial Resort &amp; Spa<\/p>\n<p>Kiotari, Rhodes, 85109, Greece<\/p>\n<p>Tel:\u00a0+30 22440 <a href=\"tel:00302241079900\">29200<\/a><\/p>\n<p>Fax: +30 22440 29209<\/p>\n<p>Email: imperial@lindoshotels.com<\/p>\n<p>&nbsp;<\/p>\n<h4>Grunds\u00e4tze der Verarbeitung<\/h4>\n<p>Im Rahmen der Einhaltung unserer Datenschutzbestimmungen unternehmen wir alle Anstrengungen und insbesondere:<\/p>\n<ul>\n<li>We process your personal data in a fair, legal, fair, clear, objective and transparent manner.<\/li>\n<li>We collect your data only for specified, explicit and legitimate purposes that we deem appropriate and have been adequately explained to you. We also assure you that they will not be used in any other way except for those purposes.<\/li>\n<li>We collect and maintain the least possible data, which is appropriate, relevant and absolutely necessary for processing purposes.<\/li>\n<li>We confirm that the data is correct and kept up-to-date and accurate.<\/li>\n<li>We will retain your data only for as long as we need it to fulfill any processing goal.<\/li>\n<li>We will make sure that we store them with the appropriate security.<\/li>\n<li>We process it in a way that ensures that it will not be used unlawfully or contrary to your will.<\/li>\n<\/ul>\n\n\t\t<\/div>\n\t<\/div>\n\t\t<\/div>\n\t<\/div>\n<\/div><\/div><div class=\"eltd-elements-holder   eltd-one-column  eltd-responsive-mode-768\" ><div class=\"eltd-eh-item\"  data-item-class=\"eltd-eh-custom-5932\" data-1024-1280=\"20px 30px 0 0px\">\n\t<div class=\"eltd-eh-item-inner\">\n\t\t<div class=\"eltd-eh-item-content eltd-eh-custom-5932\" style=\"padding: 31px 0 0 0\">\n\t\t\t\n\t<div class=\"wpb_text_column wpb_content_element\" >\n\t\t<div class=\"wpb_wrapper\">\n\t\t\t<h4>Rechtsgrundlage f\u00fcr die Verarbeitung personenbezogener Daten<\/h4>\n<p>Wir verarbeiten Ihre personenbezogenen Daten anhand mindestens einer der nachstehend insbesondere genannten Rechtsgrundlagen:<\/p>\n<ul>\n<li>Processing of your Personal Data is necessary for the execution of the contract between us.<\/li>\n<li>Processing is based on your consent, given for one or more specific purposes.<\/li>\n<\/ul>\n\n\t\t<\/div>\n\t<\/div>\n\t\t<\/div>\n\t<\/div>\n<\/div><\/div><div class=\"eltd-elements-holder   eltd-one-column  eltd-responsive-mode-768\" ><div class=\"eltd-eh-item\"  data-item-class=\"eltd-eh-custom-6625\" data-1024-1280=\"20px 30px 0 0px\">\n\t<div class=\"eltd-eh-item-inner\">\n\t\t<div class=\"eltd-eh-item-content eltd-eh-custom-6625\" style=\"padding: 31px 0 0 0\">\n\t\t\t\n\t<div class=\"wpb_text_column wpb_content_element\" >\n\t\t<div class=\"wpb_wrapper\">\n\t\t\t<h4>Personal Data we Collect and Process<\/h4>\n<p>Personenbezogene Daten sind alle Informationen, die sich auf Sie als identifizierbare Person beziehen. Die personenbezogenen Daten, die wir erheben und verarbeiten, sind nachstehend beschrieben:<\/p>\n<ul>\n<li>Identity information (name, surname)<\/li>\n<li>Contact details (email address)<\/li>\n<\/ul>\n<p>When you use our website, we also collect information automatically, some of which may be personal data. These include items like language settings, IP address, location, device settings, device operating system, usage time, redirect URL, etc. We can also collect data through cookies. Cookies are small files that store a website on a visitor&#8217;s computer and to which the Site has access to analyze the user&#8217;s behavior. In detail, both the types of Cookies that exist and the type of processing that is made are described in a separate policy (Cookie Policy)<\/p>\n<p>Wir verwenden Google-Analytics auch, um die Nutzung unserer Website zu analysieren. Google-Analytics generiert Statistiken und andere Informationen zur Nutzung der Website, die zur Erstellung von Berichten verwendet werden. Die Arten von Daten, die \u00fcber Google Analytics verarbeitet werden, werden in einer separaten Richtlinie beschrieben (Cookie-Richtlinie).<\/p>\n<p>Wir verarbeiten keine Daten von Minderj\u00e4hrigen ohne die Zustimmung der Eltern oder Erziehungsberechtigten.<\/p>\n<h4>Verarbeitung von besonderen Kategorien personenbezogener Daten<\/h4>\n<p>The General Privacy Policy defines specific categories of data that need to be processed according to stricter procedures such as health data. We are not processing special categories of personal data in the framework of Forrest Ambassador action.<\/p>\n<h4>How we collect and source your personal data<\/h4>\n<p>The collection of your personal data is done exclusively from yourself<\/p>\n<h4>Warum erheben und verarbeiten wir personenbezogene Daten<\/h4>\n<p>Wir verarbeiten und nutzen Ihre personenbezogenen Daten f\u00fcr einen oder mehrere der folgenden Zwecke:<\/p>\n<ul>\n<li>For contacting you so that we can you the relevant certificate when the tree corresponding to the donation is planted<\/li>\n<li>For mentioning your name on the electronic map of planted trees (only with your consent)<\/li>\n<\/ul>\n<p>Ihre personenbezogenen Daten werden ausschlie\u00dflich f\u00fcr die Zwecke verwendet, f\u00fcr die sie erhoben wurden, oder f\u00fcr andere Zwecke, die mit den urspr\u00fcnglichen Zwecken vereinbar sind. Wenn wir Ihre personenbezogenen Daten f\u00fcr einen anderen Zweck verwenden m\u00fcssen, werden Sie dar\u00fcber und \u00fcber die Rechtsgrundlage informiert, auf der die Verarbeitung beruht oder Ihre Zustimmung erfordert wird.<\/p>\n<p>In any case, your personal data is processed in accordance with the principles hereof and the rules of the Data Protection Legislation.<\/p>\n<h4>Automatisierte Entscheidungsfindung einschlie\u00dflich Profilerstellung<\/h4>\n<p>Wir treffen keine Entscheidungen, die erhebliche Auswirkungen auf Sie haben k\u00f6nnen, einschlie\u00dflich Profilerstellung, auf automatisierte Weise (d.h. Entscheidungsfindung nur unter Verwendung eines nicht-menschlichen computergest\u00fctzten Systems).<\/p>\n<h4>Wann und wie geben wir personenbezogene Daten an Dritte weiter<\/h4>\n<p>We will disclose your name to Common Nature &#8211; Social Benefit Cooperation who organizes the Forerst Ambassador Action, for delivering your tree planting certificate (your name is mentioned on the certificate)<\/p>\n\n\t\t<\/div>\n\t<\/div>\n\t\t<\/div>\n\t<\/div>\n<\/div><\/div><div class=\"eltd-elements-holder   eltd-one-column  eltd-responsive-mode-768\" ><div class=\"eltd-eh-item\"  data-item-class=\"eltd-eh-custom-9514\" data-1024-1280=\"20px 30px 0 0px\">\n\t<div class=\"eltd-eh-item-inner\">\n\t\t<div class=\"eltd-eh-item-content eltd-eh-custom-9514\" style=\"padding: 31px 0 0 0\">\n\t\t\t\n\t<div class=\"wpb_text_column wpb_content_element\" >\n\t\t<div class=\"wpb_wrapper\">\n\t\t\t<h4>Internationale \u00dcbermittlung personenbezogener Daten in Drittl\u00e4nder<\/h4>\n<p>Sometimes your personal information may be transferred to third countries outside the EU for the purposes described in this notice. The transfer of personal data to a third country or international organization may take place if the European Commission has determined that these third countries offer an adequate level of protection or appropriate safeguards (eg standard contractual clauses approved by the European Commission); and provided that there are enforceable rights and effective remedies for you.<\/p>\n<h4>How long do we keep your data<\/h4>\n<p>We will maintain your Personal Data till your tree is planted and you receive your certificate.<\/p>\n<p>Data will be destroyed in a secure way when it is no longer necessary.<\/p>\n<h4>Your rights on the protection of personal data<\/h4>\n<p>Under certain conditions set forth in the Privacy Policy, you have the following rights regarding your personal data:<\/p>\n<ul>\n<li>Right to Transparency. You have the right to know who is processing your data, how it processes, what are they and for what purpose.<\/li>\n<li>Right of access. You have the right to request free access to your personal data.<\/li>\n<li>Right to rectification. You have the right to request the correction of inaccurate personal data and fill in incomplete information.<\/li>\n<li>Right of remission (&#8220;right to delete&#8221;). You have the right to request the deletion of your personal data under certain conditions, such as when the data are no longer necessary in relation to the purposes for which they were collected, you have withdrawn your consent and there is no other legal basis for processing, the data have been subject to unlawful processing, etc. Deletion cannot be applied when processing is necessary to meet a hotel&#8217;s legal obligation, to perform a duty performed to the public interest, for the exercise of public authority assigned to the hotel on the grounds of public interest in the field of public health, for establishing, exercising or supporting legal claims etc.<\/li>\n<li>Right to limit processing. You have the right to request the limitation of the processing of your personal data when their accuracy is questioned, the processing is illegal, the data is no longer needed by the controller or you have objections to the automated processing.<\/li>\n<li>Right to data portability. You have the right to request the transfer of your data to another controller where technically feasible.<\/li>\n<li>Right of objection. You have the right to oppose to the processing of your personal data, provided that the public interest is not prejudiced. The right to oppose to certain forms of processing of your personal information, so not to be subject to the legal consequences of automated processing or formatting.<\/li>\n<\/ul>\n<p>If you have given your consent to the use of some of your data, you also have the unlimited right to withdraw it at any time. Recalling your consent means that we will stop processing the data you have previously given your consent. There will be no consequences for the withdrawal of your consent.<\/p>\n<p>You can exercise your rights by contacting the Company or by sending an email to dpo@lindoshotels.com. If you exercise any of your rights in writing on request, we will take every possible action to process your claim within thirty (30) days of receipt. If you do not receive a response within 30 days or are not satisfied with our response, you have the right to complain to the Data Protection Authority.<\/p>\n<p>Sie haben das Recht, bei der Datenschutzbeh\u00f6rde, die die Datenschutzgesetze durchsetzt, Beschwerde einzulegen, wenn Sie Bedenken hinsichtlich der Verarbeitung Ihrer personenbezogenen Daten durch das Hotel haben oder mit unserer Antwort auf Ihre Beschwerde oder Anfrage unzufrieden sind.<\/p>\n<p><strong>Griechische Datenschutzbeh\u00f6rde<\/strong><\/p>\n<p>1-3 Kifissias-Str. GR 115 23, Athen<\/p>\n<p>Tel: + 30-210 6475600<\/p>\n<p>Fax: + 30-210 6475628<\/p>\n<p>email: contact@dpa.gr<\/p>\n<p><a href=\"http:\/\/www.dpa.gr\">http:\/\/www.dpa.gr<\/a><\/p>\n<h4>Data Protection Officer<\/h4>\n<p>The Company has appointed a Data Protection Officer who can be contacted at dpo@lindoshotels.com<\/p>\n<h4>Protection of Your personal data<\/h4>\n<p>Data is stored in a variety of resources, including the physical file, the Website, and other IT systems (including email). The data are stored in the whole and the format they are submitted to, without any interference with their content.<\/p>\n<p>We have established a set of technical and organizational security measures to prevent the use or access of your personal information with an unauthorized or illegal way, accidental loss or damage to their integrity, their change or disclosure.<\/p>\n<p>Dar\u00fcber hinaus beschr\u00e4nken wir den Zugriff auf Ihre pers\u00f6nlichen Daten nur auf diejenigen, die diese aus gesch\u00e4ftlichen Gr\u00fcnden kennen m\u00fcssen. Diese verarbeiten Ihre pers\u00f6nlichen Daten nur gem\u00e4\u00df unseren Anweisungen und unterliegen einer Vertraulichkeitsverpflichtung. Ihre pers\u00f6nlichen Daten werden nur dann von einem dritten Auftragsverarbeiter verarbeitet, wenn dieser sich verpflichtet, die spezifischen technischen und organisatorischen Datensicherheitsma\u00dfnahmen einzuhalten.<\/p>\n<p>Im Falle einer Verletzung der Datensicherheit benachrichtigen wir Sie und alle zust\u00e4ndigen Aufsichtsbeh\u00f6rden, sofern wir gesetzlich dazu verpflichtet sind.<\/p>\n<h4>Amendments to this notice<\/h4>\n<p>The Company reserves the right to modify this Privacy Notice and its associated practices at any time. Such changes, modifications, additions or deletions will replace previous disclosures and will enter into force immediately upon publication.<\/p>\n<p>Updates will be posted on the Company\u2019s website at the following address and will be marked with a publication date so you always know when the policy was last updated.<br \/>\nhttps:\/\/www.lindos-imperial.gr\/forest-ambassador-privacy-notice<\/p>\n\n\t\t<\/div>\n\t<\/div>\n\t\t<\/div>\n\t<\/div>\n<\/div><\/div><\/div><\/div><\/div><\/div><\/div><\/div>\n<\/div>","protected":false},"excerpt":{"rendered":"Privacy Notice for Personal Data Protection in the framework of the Forest Ambassador action 11.08.2023 Introduction This notice applies [...]","protected":false},"author":1,"featured_media":0,"parent":0,"menu_order":0,"comment_status":"closed","ping_status":"closed","template":"full-width.php","meta":{"inline_featured_image":false,"footnotes":""},"class_list":["post-7732","page","type-page","status-publish","hentry"],"_links":{"self":[{"href":"https:\/\/www.lindos-imperial.gr\/de\/wp-json\/wp\/v2\/pages\/7732","targetHints":{"allow":["GET"]}}],"collection":[{"href":"https:\/\/www.lindos-imperial.gr\/de\/wp-json\/wp\/v2\/pages"}],"about":[{"href":"https:\/\/www.lindos-imperial.gr\/de\/wp-json\/wp\/v2\/types\/page"}],"author":[{"embeddable":true,"href":"https:\/\/www.lindos-imperial.gr\/de\/wp-json\/wp\/v2\/users\/1"}],"replies":[{"embeddable":true,"href":"https:\/\/www.lindos-imperial.gr\/de\/wp-json\/wp\/v2\/comments?post=7732"}],"version-history":[{"count":7,"href":"https:\/\/www.lindos-imperial.gr\/de\/wp-json\/wp\/v2\/pages\/7732\/revisions"}],"predecessor-version":[{"id":7774,"href":"https:\/\/www.lindos-imperial.gr\/de\/wp-json\/wp\/v2\/pages\/7732\/revisions\/7774"}],"wp:attachment":[{"href":"https:\/\/www.lindos-imperial.gr\/de\/wp-json\/wp\/v2\/media?parent=7732"}],"curies":[{"name":"wp","href":"https:\/\/api.w.org\/{rel}","templated":true}]}}